{"id":922,"date":"2020-12-03T14:19:05","date_gmt":"2020-12-03T13:19:05","guid":{"rendered":"https:\/\/echansonneriedespapes.com\/?page_id=922"},"modified":"2020-12-08T16:44:37","modified_gmt":"2020-12-08T15:44:37","slug":"302eme-chapitre-grand-conseil-de-la-fleur-samedi-05-juin-2010","status":"publish","type":"page","link":"https:\/\/echansonneriedespapes.com\/index.php\/302eme-chapitre-grand-conseil-de-la-fleur-samedi-05-juin-2010\/","title":{"rendered":"302\u00e8me chapitre"},"content":{"rendered":"\t\t<div data-elementor-type=\"wp-page\" data-elementor-id=\"922\" class=\"elementor elementor-922\">\n\t\t\t\t\t\t<section class=\"elementor-section elementor-top-section elementor-element elementor-element-412c6112 elementor-section-boxed elementor-section-height-default elementor-section-height-default\" data-id=\"412c6112\" data-element_type=\"section\">\n\t\t\t\t\t\t<div class=\"elementor-container elementor-column-gap-default\">\n\t\t\t\t\t<div class=\"elementor-column elementor-col-100 elementor-top-column elementor-element elementor-element-48027286\" data-id=\"48027286\" data-element_type=\"column\">\n\t\t\t<div class=\"elementor-widget-wrap elementor-element-populated\">\n\t\t\t\t\t\t<div class=\"elementor-element elementor-element-22153286 elementor-widget elementor-widget-heading\" data-id=\"22153286\" data-element_type=\"widget\" data-widget_type=\"heading.default\">\n\t\t\t\t<div class=\"elementor-widget-container\">\n\t\t\t<h2 class=\"elementor-heading-title elementor-size-large\">Grand Conseil de la Fleur<br><font size=\"6\"><I>Samedi 5 juin 2010<\/i><\/font><\/h2>\t\t<\/div>\n\t\t\t\t<\/div>\n\t\t\t\t<div class=\"elementor-element elementor-element-32f56777 elementor-widget elementor-widget-heading\" data-id=\"32f56777\" data-element_type=\"widget\" data-widget_type=\"heading.default\">\n\t\t\t\t<div class=\"elementor-widget-container\">\n\t\t\t<h2 class=\"elementor-heading-title elementor-size-large\">Celliers Pontificaux<br>Ch\u00e2teauneuf-du-Pape<\/h2>\t\t<\/div>\n\t\t\t\t<\/div>\n\t\t\t\t<div class=\"elementor-element elementor-element-33c5dabe elementor-widget elementor-widget-image\" data-id=\"33c5dabe\" data-element_type=\"widget\" data-widget_type=\"image.default\">\n\t\t\t\t<div class=\"elementor-widget-container\">\n\t\t\t\t\t\t\t\t\t\t\t\t\t<img decoding=\"async\" width=\"150\" height=\"150\" src=\"https:\/\/echansonneriedespapes.com\/wp-content\/uploads\/2020\/06\/Fichier-1-150x150.png\" class=\"attachment-thumbnail size-thumbnail wp-image-415\" alt=\"\" \/>\t\t\t\t\t\t\t\t\t\t\t\t\t<\/div>\n\t\t\t\t<\/div>\n\t\t\t\t<div class=\"elementor-element elementor-element-11ed733d elementor-widget elementor-widget-spacer\" data-id=\"11ed733d\" data-element_type=\"widget\" data-widget_type=\"spacer.default\">\n\t\t\t\t<div class=\"elementor-widget-container\">\n\t\t\t\t\t<div class=\"elementor-spacer\">\n\t\t\t<div class=\"elementor-spacer-inner\"><\/div>\n\t\t<\/div>\n\t\t\t\t<\/div>\n\t\t\t\t<\/div>\n\t\t\t\t\t<\/div>\n\t\t<\/div>\n\t\t\t\t\t<\/div>\n\t\t<\/section>\n\t\t\t\t<section class=\"elementor-section elementor-top-section elementor-element elementor-element-5ec80106 elementor-section-boxed elementor-section-height-default elementor-section-height-default\" data-id=\"5ec80106\" data-element_type=\"section\">\n\t\t\t\t\t\t<div class=\"elementor-container elementor-column-gap-default\">\n\t\t\t\t\t<div class=\"elementor-column elementor-col-100 elementor-top-column elementor-element elementor-element-31bf238f\" data-id=\"31bf238f\" data-element_type=\"column\">\n\t\t\t<div class=\"elementor-widget-wrap elementor-element-populated\">\n\t\t\t\t\t\t<div class=\"elementor-element elementor-element-53e53a6f elementor-widget elementor-widget-text-editor\" data-id=\"53e53a6f\" data-element_type=\"widget\" data-widget_type=\"text-editor.default\">\n\t\t\t\t<div class=\"elementor-widget-container\">\n\t\t\t\t\t\t\t<p style=\"text-align: center;\"><span style=\"color: #000000;\">Daniel BARRE<br><\/span><em><span style=\"color: #000000;\">Expert Comptable et Commissaire Aux Comptes<\/span><\/em><\/p>\n<p style=\"text-align: center;\"><span style=\"color: #000000;\">Thierry BRUNET<br><em>Magistrat<\/em><\/span><\/p>\n<p style=\"text-align: center;\"><span style=\"color: #000000;\">Jean-Marie BRUNIN<br><\/span><em><span style=\"color: #000000;\">Directeur des Achats<\/span><\/em><\/p>\n<p style=\"text-align: center;\"><span style=\"color: #000000;\">Andr\u00e9 DELJARRY<br><em>Pr\u00e9sident d&rsquo;une Soci\u00e9t\u00e9 de Promotion Immobili\u00e8re<\/em><\/span><\/p>\n<p style=\"text-align: center;\"><span style=\"color: #000000;\">Paul DERRUYCK<br><\/span><em><span style=\"color: #000000;\">Directeur d&rsquo;Entreprises<\/span><\/em><\/p>\n<p style=\"text-align: center;\"><span style=\"color: #000000;\">Philippe FANTON<br><em>Directeur de Concession Renault<\/em><\/span><\/p>\n<p style=\"text-align: center;\"><span style=\"color: #000000;\">Luciano GNESOTTO<br><\/span><em><span style=\"color: #000000;\">Entrepreneur<\/span><\/em><\/p>\n<p style=\"text-align: center;\"><span style=\"color: #000000;\">Bibiana GONZALEZ-RAVE<br><em>Vigneronne et \u0152nologue<\/em><\/span><\/p>\n<p style=\"text-align: center;\"><span style=\"color: #000000;\">Oliver HAUSSELS<br><\/span><em><span style=\"color: #000000;\">Vigneron<\/span><\/em><\/p>\n<p style=\"text-align: center;\"><span><span style=\"color: #000000;\">Ga\u00eblle MAILLET<\/span><br><i style=\"color: #000000;\">Vigneronne, Ch\u00e2teau des Fines Roches,&nbsp;<\/i><span style=\"color: #000000;\"><span style=\"caret-color: #000000;\"><i>Ch\u00e2teauneuf-du-Pape<\/i><\/span><\/span><\/span><\/p>\n<p style=\"text-align: center;\"><span style=\"color: #000000;\">Caroline MARET<br><em>Vigneronne, Domaine de la Charbonni\u00e8re,&nbsp;Ch\u00e2teauneuf-du-Pape<\/em><\/span><\/p>\n<p style=\"text-align: center;\"><span style=\"color: #000000;\">Dominique O&rsquo;CONNELL<br><em>Vigneron<\/em><\/span><\/p>\n<p style=\"text-align: center;\"><span style=\"color: #000000;\">Jeffrey PISONI<br><em>Vigneron<\/em><\/span><\/p>\n<p style=\"text-align: center;\"><span style=\"color: #000000;\">Pierre PELLISSIER<br><em>\u0152nologue, domaine de Nalys<\/em><\/span><\/p>\n<p style=\"text-align: center;\"><span style=\"color: #000000;\">G\u00e9rard SCHERRENS<br><em>Chef d&rsquo;Entreprises<\/em><\/span><\/p>\t\t\t\t\t\t<\/div>\n\t\t\t\t<\/div>\n\t\t\t\t<div class=\"elementor-element elementor-element-674a9997 elementor-widget elementor-widget-spacer\" data-id=\"674a9997\" data-element_type=\"widget\" data-widget_type=\"spacer.default\">\n\t\t\t\t<div class=\"elementor-widget-container\">\n\t\t\t\t\t<div class=\"elementor-spacer\">\n\t\t\t<div class=\"elementor-spacer-inner\"><\/div>\n\t\t<\/div>\n\t\t\t\t<\/div>\n\t\t\t\t<\/div>\n\t\t\t\t\t<\/div>\n\t\t<\/div>\n\t\t\t\t\t<\/div>\n\t\t<\/section>\n\t\t\t\t<section class=\"elementor-section elementor-top-section elementor-element elementor-element-419038c3 elementor-section-full_width elementor-section-height-min-height elementor-section-content-middle elementor-section-height-default elementor-section-items-middle\" data-id=\"419038c3\" data-element_type=\"section\" data-settings=\"{&quot;background_background&quot;:&quot;classic&quot;}\">\n\t\t\t\t\t\t<div class=\"elementor-container elementor-column-gap-no\">\n\t\t\t\t\t<div class=\"elementor-column elementor-col-100 elementor-top-column elementor-element elementor-element-6ec2d610\" data-id=\"6ec2d610\" data-element_type=\"column\">\n\t\t\t<div class=\"elementor-widget-wrap\">\n\t\t\t\t\t\t\t<\/div>\n\t\t<\/div>\n\t\t\t\t\t<\/div>\n\t\t<\/section>\n\t\t\t\t<section class=\"elementor-section elementor-top-section elementor-element elementor-element-64912ff0 elementor-section-boxed elementor-section-height-default elementor-section-height-default\" data-id=\"64912ff0\" data-element_type=\"section\">\n\t\t\t\t\t\t<div class=\"elementor-container elementor-column-gap-default\">\n\t\t\t\t\t<div class=\"elementor-column elementor-col-33 elementor-top-column elementor-element elementor-element-2117b7f4\" data-id=\"2117b7f4\" data-element_type=\"column\">\n\t\t\t<div class=\"elementor-widget-wrap elementor-element-populated\">\n\t\t\t\t\t\t<div class=\"elementor-element elementor-element-50c8e681 elementor-align-left elementor-widget elementor-widget-button\" data-id=\"50c8e681\" data-element_type=\"widget\" data-widget_type=\"button.default\">\n\t\t\t\t<div class=\"elementor-widget-container\">\n\t\t\t\t\t<div class=\"elementor-button-wrapper\">\n\t\t\t<a class=\"elementor-button elementor-button-link elementor-size-sm elementor-animation-grow\" href=\"https:\/\/echansonneriedespapes.com\/index.php\/301eme-chapitre-jeudi-15-avril-2010\/\">\n\t\t\t\t\t\t<span class=\"elementor-button-content-wrapper\">\n\t\t\t\t\t\t<span class=\"elementor-button-icon\">\n\t\t\t\t<i aria-hidden=\"true\" class=\"fas fa-arrow-alt-circle-left\"><\/i>\t\t\t<\/span>\n\t\t\t\t\t\t\t\t\t<span class=\"elementor-button-text\">Chapitre pr\u00e9c\u00e9dent<\/span>\n\t\t\t\t\t<\/span>\n\t\t\t\t\t<\/a>\n\t\t<\/div>\n\t\t\t\t<\/div>\n\t\t\t\t<\/div>\n\t\t\t\t\t<\/div>\n\t\t<\/div>\n\t\t\t\t<div class=\"elementor-column elementor-col-33 elementor-top-column elementor-element elementor-element-3b007a7e\" data-id=\"3b007a7e\" data-element_type=\"column\">\n\t\t\t<div class=\"elementor-widget-wrap\">\n\t\t\t\t\t\t\t<\/div>\n\t\t<\/div>\n\t\t\t\t<div class=\"elementor-column elementor-col-33 elementor-top-column elementor-element elementor-element-761adc33\" data-id=\"761adc33\" data-element_type=\"column\">\n\t\t\t<div class=\"elementor-widget-wrap elementor-element-populated\">\n\t\t\t\t\t\t<div class=\"elementor-element elementor-element-31a333cc elementor-align-right elementor-widget elementor-widget-button\" data-id=\"31a333cc\" data-element_type=\"widget\" data-widget_type=\"button.default\">\n\t\t\t\t<div class=\"elementor-widget-container\">\n\t\t\t\t\t<div class=\"elementor-button-wrapper\">\n\t\t\t<a class=\"elementor-button elementor-button-link elementor-size-sm elementor-animation-grow\" href=\"https:\/\/echansonneriedespapes.com\/index.php\/303eme-chapitre-lundi-30-aout-2010\/\">\n\t\t\t\t\t\t<span class=\"elementor-button-content-wrapper\">\n\t\t\t\t\t\t<span class=\"elementor-button-icon\">\n\t\t\t\t<i aria-hidden=\"true\" class=\"fas fa-arrow-alt-circle-right\"><\/i>\t\t\t<\/span>\n\t\t\t\t\t\t\t\t\t<span class=\"elementor-button-text\">Chapitre suivant<\/span>\n\t\t\t\t\t<\/span>\n\t\t\t\t\t<\/a>\n\t\t<\/div>\n\t\t\t\t<\/div>\n\t\t\t\t<\/div>\n\t\t\t\t\t<\/div>\n\t\t<\/div>\n\t\t\t\t\t<\/div>\n\t\t<\/section>\n\t\t\t\t<\/div>\n\t\t","protected":false},"excerpt":{"rendered":"<p>Grand Conseil de la FleurSamedi 5 juin 2010 Celliers PontificauxCh\u00e2teauneuf-du-Pape Daniel BARREExpert Comptable et Commissaire Aux Comptes Thierry BRUNETMagistrat Jean-Marie BRUNINDirecteur des Achats Andr\u00e9 DELJARRYPr\u00e9sident d&rsquo;une Soci\u00e9t\u00e9 de Promotion Immobili\u00e8re Paul DERRUYCKDirecteur d&rsquo;Entreprises Philippe FANTONDirecteur de Concession Renault Luciano GNESOTTOEntrepreneur Bibiana GONZALEZ-RAVEVigneronne et \u0152nologue Oliver HAUSSELSVigneron Ga\u00eblle MAILLETVigneronne, Ch\u00e2teau des Fines Roches,&nbsp;Ch\u00e2teauneuf-du-Pape Caroline MARETVigneronne, Domaine&hellip; <br \/> <a class=\"read-more\" href=\"https:\/\/echansonneriedespapes.com\/index.php\/302eme-chapitre-grand-conseil-de-la-fleur-samedi-05-juin-2010\/\">Lire la suite<\/a><\/p>\n","protected":false},"author":1,"featured_media":0,"parent":0,"menu_order":0,"comment_status":"closed","ping_status":"closed","template":"","meta":{"footnotes":""},"class_list":["post-922","page","type-page","status-publish","hentry"],"yoast_head":"<!-- This site is optimized with the Yoast SEO plugin v23.4 - https:\/\/yoast.com\/wordpress\/plugins\/seo\/ -->\n<title>302\u00e8me chapitre - \u00c9chansonnerie des Papes<\/title>\n<meta name=\"robots\" content=\"index, follow, max-snippet:-1, max-image-preview:large, max-video-preview:-1\" \/>\n<link rel=\"canonical\" href=\"https:\/\/echansonneriedespapes.com\/index.php\/302eme-chapitre-grand-conseil-de-la-fleur-samedi-05-juin-2010\/\" \/>\n<meta property=\"og:locale\" content=\"fr_FR\" \/>\n<meta property=\"og:type\" content=\"article\" \/>\n<meta property=\"og:title\" content=\"302\u00e8me chapitre - \u00c9chansonnerie des Papes\" \/>\n<meta property=\"og:description\" content=\"Grand Conseil de la FleurSamedi 5 juin 2010 Celliers PontificauxCh\u00e2teauneuf-du-Pape Daniel BARREExpert Comptable et Commissaire Aux Comptes Thierry BRUNETMagistrat Jean-Marie BRUNINDirecteur des Achats Andr\u00e9 DELJARRYPr\u00e9sident d&rsquo;une Soci\u00e9t\u00e9 de Promotion Immobili\u00e8re Paul DERRUYCKDirecteur d&rsquo;Entreprises Philippe FANTONDirecteur de Concession Renault Luciano GNESOTTOEntrepreneur Bibiana GONZALEZ-RAVEVigneronne et \u0152nologue Oliver HAUSSELSVigneron Ga\u00eblle MAILLETVigneronne, Ch\u00e2teau des Fines Roches,&nbsp;Ch\u00e2teauneuf-du-Pape Caroline MARETVigneronne, Domaine&hellip; Lire la suite\" \/>\n<meta property=\"og:url\" content=\"https:\/\/echansonneriedespapes.com\/index.php\/302eme-chapitre-grand-conseil-de-la-fleur-samedi-05-juin-2010\/\" \/>\n<meta property=\"og:site_name\" content=\"\u00c9chansonnerie des Papes\" \/>\n<meta property=\"article:modified_time\" content=\"2020-12-08T15:44:37+00:00\" \/>\n<meta property=\"og:image\" content=\"https:\/\/echansonneriedespapes.com\/wp-content\/uploads\/2020\/06\/Fichier-1-150x150.png\" \/>\n<meta name=\"twitter:card\" content=\"summary_large_image\" \/>\n<script type=\"application\/ld+json\" class=\"yoast-schema-graph\">{\"@context\":\"https:\/\/schema.org\",\"@graph\":[{\"@type\":\"WebPage\",\"@id\":\"https:\/\/echansonneriedespapes.com\/index.php\/302eme-chapitre-grand-conseil-de-la-fleur-samedi-05-juin-2010\/\",\"url\":\"https:\/\/echansonneriedespapes.com\/index.php\/302eme-chapitre-grand-conseil-de-la-fleur-samedi-05-juin-2010\/\",\"name\":\"302\u00e8me chapitre - \u00c9chansonnerie des Papes\",\"isPartOf\":{\"@id\":\"https:\/\/echansonneriedespapes.com\/#website\"},\"primaryImageOfPage\":{\"@id\":\"https:\/\/echansonneriedespapes.com\/index.php\/302eme-chapitre-grand-conseil-de-la-fleur-samedi-05-juin-2010\/#primaryimage\"},\"image\":{\"@id\":\"https:\/\/echansonneriedespapes.com\/index.php\/302eme-chapitre-grand-conseil-de-la-fleur-samedi-05-juin-2010\/#primaryimage\"},\"thumbnailUrl\":\"https:\/\/echansonneriedespapes.com\/wp-content\/uploads\/2020\/06\/Fichier-1-150x150.png\",\"datePublished\":\"2020-12-03T13:19:05+00:00\",\"dateModified\":\"2020-12-08T15:44:37+00:00\",\"breadcrumb\":{\"@id\":\"https:\/\/echansonneriedespapes.com\/index.php\/302eme-chapitre-grand-conseil-de-la-fleur-samedi-05-juin-2010\/#breadcrumb\"},\"inLanguage\":\"fr-FR\",\"potentialAction\":[{\"@type\":\"ReadAction\",\"target\":[\"https:\/\/echansonneriedespapes.com\/index.php\/302eme-chapitre-grand-conseil-de-la-fleur-samedi-05-juin-2010\/\"]}]},{\"@type\":\"ImageObject\",\"inLanguage\":\"fr-FR\",\"@id\":\"https:\/\/echansonneriedespapes.com\/index.php\/302eme-chapitre-grand-conseil-de-la-fleur-samedi-05-juin-2010\/#primaryimage\",\"url\":\"https:\/\/echansonneriedespapes.com\/wp-content\/uploads\/2020\/06\/Fichier-1.png\",\"contentUrl\":\"https:\/\/echansonneriedespapes.com\/wp-content\/uploads\/2020\/06\/Fichier-1.png\",\"width\":350,\"height\":182},{\"@type\":\"BreadcrumbList\",\"@id\":\"https:\/\/echansonneriedespapes.com\/index.php\/302eme-chapitre-grand-conseil-de-la-fleur-samedi-05-juin-2010\/#breadcrumb\",\"itemListElement\":[{\"@type\":\"ListItem\",\"position\":1,\"name\":\"Accueil\",\"item\":\"https:\/\/echansonneriedespapes.com\/\"},{\"@type\":\"ListItem\",\"position\":2,\"name\":\"302\u00e8me chapitre\"}]},{\"@type\":\"WebSite\",\"@id\":\"https:\/\/echansonneriedespapes.com\/#website\",\"url\":\"https:\/\/echansonneriedespapes.com\/\",\"name\":\"\u00c9chansonnerie des Papes\",\"description\":\"La Confr\u00e9rie Bachique de Ch\u00e2teauneuf-du-Pape\",\"publisher\":{\"@id\":\"https:\/\/echansonneriedespapes.com\/#organization\"},\"potentialAction\":[{\"@type\":\"SearchAction\",\"target\":{\"@type\":\"EntryPoint\",\"urlTemplate\":\"https:\/\/echansonneriedespapes.com\/?s={search_term_string}\"},\"query-input\":{\"@type\":\"PropertyValueSpecification\",\"valueRequired\":true,\"valueName\":\"search_term_string\"}}],\"inLanguage\":\"fr-FR\"},{\"@type\":\"Organization\",\"@id\":\"https:\/\/echansonneriedespapes.com\/#organization\",\"name\":\"\u00c9chansonnerie des Papes\",\"url\":\"https:\/\/echansonneriedespapes.com\/\",\"logo\":{\"@type\":\"ImageObject\",\"inLanguage\":\"fr-FR\",\"@id\":\"https:\/\/echansonneriedespapes.com\/#\/schema\/logo\/image\/\",\"url\":\"https:\/\/echansonneriedespapes.com\/wp-content\/uploads\/2018\/08\/cropped-logo-echansonnerie-sans-fond-4.png\",\"contentUrl\":\"https:\/\/echansonneriedespapes.com\/wp-content\/uploads\/2018\/08\/cropped-logo-echansonnerie-sans-fond-4.png\",\"width\":508,\"height\":608,\"caption\":\"\u00c9chansonnerie des Papes\"},\"image\":{\"@id\":\"https:\/\/echansonneriedespapes.com\/#\/schema\/logo\/image\/\"}}]}<\/script>\n<!-- \/ Yoast SEO plugin. -->","yoast_head_json":{"title":"302\u00e8me chapitre - \u00c9chansonnerie des Papes","robots":{"index":"index","follow":"follow","max-snippet":"max-snippet:-1","max-image-preview":"max-image-preview:large","max-video-preview":"max-video-preview:-1"},"canonical":"https:\/\/echansonneriedespapes.com\/index.php\/302eme-chapitre-grand-conseil-de-la-fleur-samedi-05-juin-2010\/","og_locale":"fr_FR","og_type":"article","og_title":"302\u00e8me chapitre - \u00c9chansonnerie des Papes","og_description":"Grand Conseil de la FleurSamedi 5 juin 2010 Celliers PontificauxCh\u00e2teauneuf-du-Pape Daniel BARREExpert Comptable et Commissaire Aux Comptes Thierry BRUNETMagistrat Jean-Marie BRUNINDirecteur des Achats Andr\u00e9 DELJARRYPr\u00e9sident d&rsquo;une Soci\u00e9t\u00e9 de Promotion Immobili\u00e8re Paul DERRUYCKDirecteur d&rsquo;Entreprises Philippe FANTONDirecteur de Concession Renault Luciano GNESOTTOEntrepreneur Bibiana GONZALEZ-RAVEVigneronne et \u0152nologue Oliver HAUSSELSVigneron Ga\u00eblle MAILLETVigneronne, Ch\u00e2teau des Fines Roches,&nbsp;Ch\u00e2teauneuf-du-Pape Caroline MARETVigneronne, Domaine&hellip; Lire la suite","og_url":"https:\/\/echansonneriedespapes.com\/index.php\/302eme-chapitre-grand-conseil-de-la-fleur-samedi-05-juin-2010\/","og_site_name":"\u00c9chansonnerie des Papes","article_modified_time":"2020-12-08T15:44:37+00:00","og_image":[{"url":"https:\/\/echansonneriedespapes.com\/wp-content\/uploads\/2020\/06\/Fichier-1-150x150.png"}],"twitter_card":"summary_large_image","schema":{"@context":"https:\/\/schema.org","@graph":[{"@type":"WebPage","@id":"https:\/\/echansonneriedespapes.com\/index.php\/302eme-chapitre-grand-conseil-de-la-fleur-samedi-05-juin-2010\/","url":"https:\/\/echansonneriedespapes.com\/index.php\/302eme-chapitre-grand-conseil-de-la-fleur-samedi-05-juin-2010\/","name":"302\u00e8me chapitre - \u00c9chansonnerie des Papes","isPartOf":{"@id":"https:\/\/echansonneriedespapes.com\/#website"},"primaryImageOfPage":{"@id":"https:\/\/echansonneriedespapes.com\/index.php\/302eme-chapitre-grand-conseil-de-la-fleur-samedi-05-juin-2010\/#primaryimage"},"image":{"@id":"https:\/\/echansonneriedespapes.com\/index.php\/302eme-chapitre-grand-conseil-de-la-fleur-samedi-05-juin-2010\/#primaryimage"},"thumbnailUrl":"https:\/\/echansonneriedespapes.com\/wp-content\/uploads\/2020\/06\/Fichier-1-150x150.png","datePublished":"2020-12-03T13:19:05+00:00","dateModified":"2020-12-08T15:44:37+00:00","breadcrumb":{"@id":"https:\/\/echansonneriedespapes.com\/index.php\/302eme-chapitre-grand-conseil-de-la-fleur-samedi-05-juin-2010\/#breadcrumb"},"inLanguage":"fr-FR","potentialAction":[{"@type":"ReadAction","target":["https:\/\/echansonneriedespapes.com\/index.php\/302eme-chapitre-grand-conseil-de-la-fleur-samedi-05-juin-2010\/"]}]},{"@type":"ImageObject","inLanguage":"fr-FR","@id":"https:\/\/echansonneriedespapes.com\/index.php\/302eme-chapitre-grand-conseil-de-la-fleur-samedi-05-juin-2010\/#primaryimage","url":"https:\/\/echansonneriedespapes.com\/wp-content\/uploads\/2020\/06\/Fichier-1.png","contentUrl":"https:\/\/echansonneriedespapes.com\/wp-content\/uploads\/2020\/06\/Fichier-1.png","width":350,"height":182},{"@type":"BreadcrumbList","@id":"https:\/\/echansonneriedespapes.com\/index.php\/302eme-chapitre-grand-conseil-de-la-fleur-samedi-05-juin-2010\/#breadcrumb","itemListElement":[{"@type":"ListItem","position":1,"name":"Accueil","item":"https:\/\/echansonneriedespapes.com\/"},{"@type":"ListItem","position":2,"name":"302\u00e8me chapitre"}]},{"@type":"WebSite","@id":"https:\/\/echansonneriedespapes.com\/#website","url":"https:\/\/echansonneriedespapes.com\/","name":"\u00c9chansonnerie des Papes","description":"La Confr\u00e9rie Bachique de Ch\u00e2teauneuf-du-Pape","publisher":{"@id":"https:\/\/echansonneriedespapes.com\/#organization"},"potentialAction":[{"@type":"SearchAction","target":{"@type":"EntryPoint","urlTemplate":"https:\/\/echansonneriedespapes.com\/?s={search_term_string}"},"query-input":{"@type":"PropertyValueSpecification","valueRequired":true,"valueName":"search_term_string"}}],"inLanguage":"fr-FR"},{"@type":"Organization","@id":"https:\/\/echansonneriedespapes.com\/#organization","name":"\u00c9chansonnerie des Papes","url":"https:\/\/echansonneriedespapes.com\/","logo":{"@type":"ImageObject","inLanguage":"fr-FR","@id":"https:\/\/echansonneriedespapes.com\/#\/schema\/logo\/image\/","url":"https:\/\/echansonneriedespapes.com\/wp-content\/uploads\/2018\/08\/cropped-logo-echansonnerie-sans-fond-4.png","contentUrl":"https:\/\/echansonneriedespapes.com\/wp-content\/uploads\/2018\/08\/cropped-logo-echansonnerie-sans-fond-4.png","width":508,"height":608,"caption":"\u00c9chansonnerie des Papes"},"image":{"@id":"https:\/\/echansonneriedespapes.com\/#\/schema\/logo\/image\/"}}]}},"jetpack_sharing_enabled":true,"_links":{"self":[{"href":"https:\/\/echansonneriedespapes.com\/index.php\/wp-json\/wp\/v2\/pages\/922"}],"collection":[{"href":"https:\/\/echansonneriedespapes.com\/index.php\/wp-json\/wp\/v2\/pages"}],"about":[{"href":"https:\/\/echansonneriedespapes.com\/index.php\/wp-json\/wp\/v2\/types\/page"}],"author":[{"embeddable":true,"href":"https:\/\/echansonneriedespapes.com\/index.php\/wp-json\/wp\/v2\/users\/1"}],"replies":[{"embeddable":true,"href":"https:\/\/echansonneriedespapes.com\/index.php\/wp-json\/wp\/v2\/comments?post=922"}],"version-history":[{"count":5,"href":"https:\/\/echansonneriedespapes.com\/index.php\/wp-json\/wp\/v2\/pages\/922\/revisions"}],"predecessor-version":[{"id":1229,"href":"https:\/\/echansonneriedespapes.com\/index.php\/wp-json\/wp\/v2\/pages\/922\/revisions\/1229"}],"wp:attachment":[{"href":"https:\/\/echansonneriedespapes.com\/index.php\/wp-json\/wp\/v2\/media?parent=922"}],"curies":[{"name":"wp","href":"https:\/\/api.w.org\/{rel}","templated":true}]}}