{"id":884,"date":"2020-12-03T14:11:29","date_gmt":"2020-12-03T13:11:29","guid":{"rendered":"https:\/\/echansonneriedespapes.com\/?page_id=884"},"modified":"2020-12-08T16:41:28","modified_gmt":"2020-12-08T15:41:28","slug":"313eme-chapitre-grand-conseil-dhiver-samedi-07-decembre-2013","status":"publish","type":"page","link":"https:\/\/echansonneriedespapes.com\/index.php\/313eme-chapitre-grand-conseil-dhiver-samedi-07-decembre-2013\/","title":{"rendered":"313\u00e8me chapitre"},"content":{"rendered":"\t\t<div data-elementor-type=\"wp-page\" data-elementor-id=\"884\" class=\"elementor elementor-884\">\n\t\t\t\t\t\t<section class=\"elementor-section elementor-top-section elementor-element elementor-element-12d440e0 elementor-section-boxed elementor-section-height-default elementor-section-height-default\" data-id=\"12d440e0\" data-element_type=\"section\">\n\t\t\t\t\t\t<div class=\"elementor-container elementor-column-gap-default\">\n\t\t\t\t\t<div class=\"elementor-column elementor-col-100 elementor-top-column elementor-element elementor-element-ac5390d\" data-id=\"ac5390d\" data-element_type=\"column\">\n\t\t\t<div class=\"elementor-widget-wrap elementor-element-populated\">\n\t\t\t\t\t\t<div class=\"elementor-element elementor-element-26d47440 elementor-widget elementor-widget-heading\" data-id=\"26d47440\" data-element_type=\"widget\" data-widget_type=\"heading.default\">\n\t\t\t\t<div class=\"elementor-widget-container\">\n\t\t\t<h2 class=\"elementor-heading-title elementor-size-large\">Grand Conseil d'Hiver<br><font size=\"6\"><I>Samedi 7 d\u00e9cembre 2013<\/i><\/font><\/h2>\t\t<\/div>\n\t\t\t\t<\/div>\n\t\t\t\t<div class=\"elementor-element elementor-element-46f0b108 elementor-widget elementor-widget-heading\" data-id=\"46f0b108\" data-element_type=\"widget\" data-widget_type=\"heading.default\">\n\t\t\t\t<div class=\"elementor-widget-container\">\n\t\t\t<h2 class=\"elementor-heading-title elementor-size-large\">Palais des Papes<br>Avignon<\/h2>\t\t<\/div>\n\t\t\t\t<\/div>\n\t\t\t\t<div class=\"elementor-element elementor-element-e8ef89b elementor-widget elementor-widget-image\" data-id=\"e8ef89b\" data-element_type=\"widget\" data-widget_type=\"image.default\">\n\t\t\t\t<div class=\"elementor-widget-container\">\n\t\t\t\t\t\t\t\t\t\t\t\t\t<img decoding=\"async\" width=\"150\" height=\"150\" src=\"https:\/\/echansonneriedespapes.com\/wp-content\/uploads\/2020\/06\/Fichier-1-150x150.png\" class=\"attachment-thumbnail size-thumbnail wp-image-415\" alt=\"\" \/>\t\t\t\t\t\t\t\t\t\t\t\t\t<\/div>\n\t\t\t\t<\/div>\n\t\t\t\t<div class=\"elementor-element elementor-element-18702f75 elementor-widget elementor-widget-spacer\" data-id=\"18702f75\" data-element_type=\"widget\" data-widget_type=\"spacer.default\">\n\t\t\t\t<div class=\"elementor-widget-container\">\n\t\t\t\t\t<div class=\"elementor-spacer\">\n\t\t\t<div class=\"elementor-spacer-inner\"><\/div>\n\t\t<\/div>\n\t\t\t\t<\/div>\n\t\t\t\t<\/div>\n\t\t\t\t\t<\/div>\n\t\t<\/div>\n\t\t\t\t\t<\/div>\n\t\t<\/section>\n\t\t\t\t<section class=\"elementor-section elementor-top-section elementor-element elementor-element-765094af elementor-section-boxed elementor-section-height-default elementor-section-height-default\" data-id=\"765094af\" data-element_type=\"section\">\n\t\t\t\t\t\t<div class=\"elementor-container elementor-column-gap-default\">\n\t\t\t\t\t<div class=\"elementor-column elementor-col-100 elementor-top-column elementor-element elementor-element-21455db8\" data-id=\"21455db8\" data-element_type=\"column\">\n\t\t\t<div class=\"elementor-widget-wrap elementor-element-populated\">\n\t\t\t\t\t\t<div class=\"elementor-element elementor-element-407f0d79 elementor-widget elementor-widget-image\" data-id=\"407f0d79\" data-element_type=\"widget\" data-widget_type=\"image.default\">\n\t\t\t\t<div class=\"elementor-widget-container\">\n\t\t\t\t\t\t\t\t\t\t\t\t\t<img fetchpriority=\"high\" decoding=\"async\" width=\"1024\" height=\"684\" src=\"https:\/\/echansonneriedespapes.com\/wp-content\/uploads\/2020\/12\/313-Art-et-Image-1024x684.jpg\" class=\"attachment-large size-large wp-image-1142\" alt=\"\" srcset=\"https:\/\/echansonneriedespapes.com\/wp-content\/uploads\/2020\/12\/313-Art-et-Image-1024x684.jpg 1024w, https:\/\/echansonneriedespapes.com\/wp-content\/uploads\/2020\/12\/313-Art-et-Image-300x200.jpg 300w, https:\/\/echansonneriedespapes.com\/wp-content\/uploads\/2020\/12\/313-Art-et-Image-768x513.jpg 768w, https:\/\/echansonneriedespapes.com\/wp-content\/uploads\/2020\/12\/313-Art-et-Image-1536x1025.jpg 1536w, https:\/\/echansonneriedespapes.com\/wp-content\/uploads\/2020\/12\/313-Art-et-Image-1618x1080.jpg 1618w, https:\/\/echansonneriedespapes.com\/wp-content\/uploads\/2020\/12\/313-Art-et-Image.jpg 1772w\" sizes=\"(max-width: 1024px) 100vw, 1024px\" \/>\t\t\t\t\t\t\t\t\t\t\t\t\t<\/div>\n\t\t\t\t<\/div>\n\t\t\t\t<div class=\"elementor-element elementor-element-39362a62 elementor-widget elementor-widget-text-editor\" data-id=\"39362a62\" data-element_type=\"widget\" data-widget_type=\"text-editor.default\">\n\t\t\t\t<div class=\"elementor-widget-container\">\n\t\t\t\t\t\t\t<p style=\"text-align: center;\"><span style=\"color: #000000;\">Jean ALESI<br><\/span><em><span style=\"color: #000000;\">Pilote Automobile Fran\u00e7ais<\/span><\/em><\/p>\n<p style=\"text-align: center;\"><span style=\"color: #000000;\">Gaspard PROUST<br><em>Acteur et Humoriste Slov\u00e9no-Suisse<\/em><\/span><\/p>\n<p style=\"text-align: center;\"><span style=\"color: #000000;\">Michel TROISGROS<br><\/span><em><span style=\"color: #000000;\">Chef Cuisinier Fran\u00e7ais<\/span><\/em><\/p>\n<p style=\"text-align: center;\"><span style=\"color: #000000;\">Eric BEAUMARD<br><em>Vice Meilleur Sommelier du Monde, Restaurant \u00ab\u00a0Le Cinq\u00a0\u00bb, H\u00f4tel Georges V, Paris<\/em><\/span><\/p>\n<p style=\"text-align: center;\"><span style=\"color: #000000;\">Pierre DOISE<br><\/span><em><span style=\"color: #000000;\">Pr\u00e9sident de Select Wine, Vancouver, Canada<\/span><\/em><\/p>\n<p style=\"text-align: center;\"><span style=\"color: #000000;\">Laurent DUTOIT<br><em>Directeur Cr\u00e9dit Agricole du Centre Affaires Viticulture-Agriculture Avignon Orange Cavaillon<\/em><\/span><\/p>\n<p style=\"text-align: center;\"><span style=\"color: #000000;\">Herv\u00e9 FORT<br><\/span><em><span style=\"color: #000000;\">Directeur du Domaine les Cray\u00e8res, Reims et Ancien Pr\u00e9sident de la Soci\u00e9t\u00e9 Bang Olufsen<\/span><\/em><\/p>\n<p style=\"text-align: center;\"><span style=\"color: #000000;\">Kumiko GOTO<br><em>Actrice Japonaise, \u00c9pouse de Jean Alesi<\/em><\/span><\/p>\n<p style=\"text-align: center;\"><span style=\"color: #000000;\">Lingran KONG<br><\/span><em><span style=\"color: #000000;\">Soci\u00e9t\u00e9 \u201cGuangzhou Bao Yi Import &amp; Export Trade Co., Ltd.\u201d<\/span><\/em><\/p>\n<p style=\"text-align: center;\"><span style=\"color: #000000;\">Benoit LAVAU<br><em>Pr\u00e9sident Directeur G\u00e9n\u00e9ral de la SAS Lavau &#8211; Ch\u00e2teau Maucoil<\/em><\/span><\/p>\n<p style=\"text-align: center;\"><span style=\"color: #000000;\">Fr\u00e9d\u00e9ric LAVAU<br><em>Directeur G\u00e9n\u00e9ral de la SAS Lavau &#8211; Ch\u00e2teau Maucoil<\/em><\/span><\/p>\n<p style=\"text-align: center;\"><span style=\"color: #000000;\">Lionel MICHELIN<br><\/span><em><span style=\"color: #000000;\">Caviste, de Vinis Illustribus<\/span><\/em><\/p>\n<p style=\"text-align: center;\"><span style=\"color: #000000;\">Romuald RABIET<br><em>Directeur du March\u00e9 de l&rsquo;Agriculture du Cr\u00e9dit Agricole Alpes Provence et Directeur Commercial du Vaucluse<\/em><\/span><\/p>\n<p style=\"text-align: center;\"><span style=\"color: #000000;\">Val\u00e8rie REBOUL SCHNEIDER<br><em>Ch\u00e2teau d&rsquo;Estoublon<\/em><\/span><\/p>\n<p style=\"text-align: center;\"><span style=\"color: #000000;\">Remy REBOUL<br><\/span><em><span style=\"color: #000000;\">Ch\u00e2teau d&rsquo;Estoublon<\/span><\/em><\/p>\n<p style=\"text-align: center;\"><span style=\"color: #000000;\">Guillaume ROBERT<br><em>Directeur Litt\u00e9raire Editions Flammarion, Paris<\/em><\/span><\/p>\n<p style=\"text-align: center;\"><span style=\"color: #000000;\">Nicolas VELLE<br><em>Producteur &#8211; G\u00e9rant de Koba Films, Paris<\/em><\/span><\/p>\n<p style=\"text-align: center;\"><span style=\"color: #000000;\">Wenqi WU<br><em>Soci\u00e9t\u00e9 \u201cGuangzhou Bao Yi Import &amp; Export Trade Co., Ltd.\u201d<\/em><\/span><\/p>\t\t\t\t\t\t<\/div>\n\t\t\t\t<\/div>\n\t\t\t\t<div class=\"elementor-element elementor-element-252f84e9 elementor-widget elementor-widget-spacer\" data-id=\"252f84e9\" data-element_type=\"widget\" data-widget_type=\"spacer.default\">\n\t\t\t\t<div class=\"elementor-widget-container\">\n\t\t\t\t\t<div class=\"elementor-spacer\">\n\t\t\t<div class=\"elementor-spacer-inner\"><\/div>\n\t\t<\/div>\n\t\t\t\t<\/div>\n\t\t\t\t<\/div>\n\t\t\t\t<div class=\"elementor-element elementor-element-47d2e879 elementor-widget elementor-widget-text-editor\" data-id=\"47d2e879\" data-element_type=\"widget\" data-widget_type=\"text-editor.default\">\n\t\t\t\t<div class=\"elementor-widget-container\">\n\t\t\t\t\t\t\t<p style=\"text-align: right;\"><em>Cr\u00e9dit photos : Art &amp; Image<\/em><\/p>\t\t\t\t\t\t<\/div>\n\t\t\t\t<\/div>\n\t\t\t\t\t<\/div>\n\t\t<\/div>\n\t\t\t\t\t<\/div>\n\t\t<\/section>\n\t\t\t\t<section class=\"elementor-section elementor-top-section elementor-element elementor-element-7f655a21 elementor-section-full_width elementor-section-height-min-height elementor-section-content-middle elementor-section-height-default elementor-section-items-middle\" data-id=\"7f655a21\" data-element_type=\"section\" data-settings=\"{&quot;background_background&quot;:&quot;classic&quot;}\">\n\t\t\t\t\t\t<div class=\"elementor-container elementor-column-gap-no\">\n\t\t\t\t\t<div class=\"elementor-column elementor-col-100 elementor-top-column elementor-element elementor-element-183470bf\" data-id=\"183470bf\" data-element_type=\"column\">\n\t\t\t<div class=\"elementor-widget-wrap\">\n\t\t\t\t\t\t\t<\/div>\n\t\t<\/div>\n\t\t\t\t\t<\/div>\n\t\t<\/section>\n\t\t\t\t<section class=\"elementor-section elementor-top-section elementor-element elementor-element-30d6f026 elementor-section-boxed elementor-section-height-default elementor-section-height-default\" data-id=\"30d6f026\" data-element_type=\"section\">\n\t\t\t\t\t\t<div class=\"elementor-container elementor-column-gap-default\">\n\t\t\t\t\t<div class=\"elementor-column elementor-col-33 elementor-top-column elementor-element elementor-element-16329c49\" data-id=\"16329c49\" data-element_type=\"column\">\n\t\t\t<div class=\"elementor-widget-wrap elementor-element-populated\">\n\t\t\t\t\t\t<div class=\"elementor-element elementor-element-2bef096f elementor-align-left elementor-widget elementor-widget-button\" data-id=\"2bef096f\" data-element_type=\"widget\" data-widget_type=\"button.default\">\n\t\t\t\t<div class=\"elementor-widget-container\">\n\t\t\t\t\t<div class=\"elementor-button-wrapper\">\n\t\t\t<a class=\"elementor-button elementor-button-link elementor-size-sm elementor-animation-grow\" href=\"https:\/\/echansonneriedespapes.com\/index.php\/312eme-chapitre-grand-conseil-de-la-fleur-samedi-08-juin-2013\/\">\n\t\t\t\t\t\t<span class=\"elementor-button-content-wrapper\">\n\t\t\t\t\t\t<span class=\"elementor-button-icon\">\n\t\t\t\t<i aria-hidden=\"true\" class=\"fas fa-arrow-alt-circle-left\"><\/i>\t\t\t<\/span>\n\t\t\t\t\t\t\t\t\t<span class=\"elementor-button-text\">Chapitre pr\u00e9c\u00e9dent<\/span>\n\t\t\t\t\t<\/span>\n\t\t\t\t\t<\/a>\n\t\t<\/div>\n\t\t\t\t<\/div>\n\t\t\t\t<\/div>\n\t\t\t\t\t<\/div>\n\t\t<\/div>\n\t\t\t\t<div class=\"elementor-column elementor-col-33 elementor-top-column elementor-element elementor-element-237cde46\" data-id=\"237cde46\" data-element_type=\"column\">\n\t\t\t<div class=\"elementor-widget-wrap\">\n\t\t\t\t\t\t\t<\/div>\n\t\t<\/div>\n\t\t\t\t<div class=\"elementor-column elementor-col-33 elementor-top-column elementor-element elementor-element-707fb2f5\" data-id=\"707fb2f5\" data-element_type=\"column\">\n\t\t\t<div class=\"elementor-widget-wrap elementor-element-populated\">\n\t\t\t\t\t\t<div class=\"elementor-element elementor-element-2fe1514b elementor-align-right elementor-widget elementor-widget-button\" data-id=\"2fe1514b\" data-element_type=\"widget\" data-widget_type=\"button.default\">\n\t\t\t\t<div class=\"elementor-widget-container\">\n\t\t\t\t\t<div class=\"elementor-button-wrapper\">\n\t\t\t<a class=\"elementor-button elementor-button-link elementor-size-sm elementor-animation-grow\" href=\"https:\/\/echansonneriedespapes.com\/index.php\/314eme-chapitre-grand-conseil-de-la-fleur-samedi-14-juin-2014\/\">\n\t\t\t\t\t\t<span class=\"elementor-button-content-wrapper\">\n\t\t\t\t\t\t<span class=\"elementor-button-icon\">\n\t\t\t\t<i aria-hidden=\"true\" class=\"fas fa-arrow-alt-circle-right\"><\/i>\t\t\t<\/span>\n\t\t\t\t\t\t\t\t\t<span class=\"elementor-button-text\">Chapitre suivant<\/span>\n\t\t\t\t\t<\/span>\n\t\t\t\t\t<\/a>\n\t\t<\/div>\n\t\t\t\t<\/div>\n\t\t\t\t<\/div>\n\t\t\t\t\t<\/div>\n\t\t<\/div>\n\t\t\t\t\t<\/div>\n\t\t<\/section>\n\t\t\t\t<\/div>\n\t\t","protected":false},"excerpt":{"rendered":"<p>Grand Conseil d&rsquo;HiverSamedi 7 d\u00e9cembre 2013 Palais des PapesAvignon Jean ALESIPilote Automobile Fran\u00e7ais Gaspard PROUSTActeur et Humoriste Slov\u00e9no-Suisse Michel TROISGROSChef Cuisinier Fran\u00e7ais Eric BEAUMARDVice Meilleur Sommelier du Monde, Restaurant \u00ab\u00a0Le Cinq\u00a0\u00bb, H\u00f4tel Georges V, Paris Pierre DOISEPr\u00e9sident de Select Wine, Vancouver, Canada Laurent DUTOITDirecteur Cr\u00e9dit Agricole du Centre Affaires Viticulture-Agriculture Avignon Orange Cavaillon Herv\u00e9 FORTDirecteur&hellip; <br \/> <a class=\"read-more\" href=\"https:\/\/echansonneriedespapes.com\/index.php\/313eme-chapitre-grand-conseil-dhiver-samedi-07-decembre-2013\/\">Lire la suite<\/a><\/p>\n","protected":false},"author":1,"featured_media":0,"parent":0,"menu_order":0,"comment_status":"closed","ping_status":"closed","template":"","meta":{"footnotes":""},"class_list":["post-884","page","type-page","status-publish","hentry"],"yoast_head":"<!-- This site is optimized with the Yoast SEO plugin v23.4 - https:\/\/yoast.com\/wordpress\/plugins\/seo\/ -->\n<title>313\u00e8me chapitre - \u00c9chansonnerie des Papes<\/title>\n<meta name=\"robots\" content=\"index, follow, max-snippet:-1, max-image-preview:large, max-video-preview:-1\" \/>\n<link rel=\"canonical\" href=\"https:\/\/echansonneriedespapes.com\/index.php\/313eme-chapitre-grand-conseil-dhiver-samedi-07-decembre-2013\/\" \/>\n<meta property=\"og:locale\" content=\"fr_FR\" \/>\n<meta property=\"og:type\" content=\"article\" \/>\n<meta property=\"og:title\" content=\"313\u00e8me chapitre - \u00c9chansonnerie des Papes\" \/>\n<meta property=\"og:description\" content=\"Grand Conseil d&rsquo;HiverSamedi 7 d\u00e9cembre 2013 Palais des PapesAvignon Jean ALESIPilote Automobile Fran\u00e7ais Gaspard PROUSTActeur et Humoriste Slov\u00e9no-Suisse Michel TROISGROSChef Cuisinier Fran\u00e7ais Eric BEAUMARDVice Meilleur Sommelier du Monde, Restaurant \u00ab\u00a0Le Cinq\u00a0\u00bb, H\u00f4tel Georges V, Paris Pierre DOISEPr\u00e9sident de Select Wine, Vancouver, Canada Laurent DUTOITDirecteur Cr\u00e9dit Agricole du Centre Affaires Viticulture-Agriculture Avignon Orange Cavaillon Herv\u00e9 FORTDirecteur&hellip; Lire la suite\" \/>\n<meta property=\"og:url\" content=\"https:\/\/echansonneriedespapes.com\/index.php\/313eme-chapitre-grand-conseil-dhiver-samedi-07-decembre-2013\/\" \/>\n<meta property=\"og:site_name\" content=\"\u00c9chansonnerie des Papes\" \/>\n<meta property=\"article:modified_time\" content=\"2020-12-08T15:41:28+00:00\" \/>\n<meta property=\"og:image\" content=\"https:\/\/echansonneriedespapes.com\/wp-content\/uploads\/2020\/06\/Fichier-1-150x150.png\" \/>\n<meta name=\"twitter:card\" content=\"summary_large_image\" \/>\n<meta name=\"twitter:label1\" content=\"Dur\u00e9e de lecture estim\u00e9e\" \/>\n\t<meta name=\"twitter:data1\" content=\"1 minute\" \/>\n<script type=\"application\/ld+json\" class=\"yoast-schema-graph\">{\"@context\":\"https:\/\/schema.org\",\"@graph\":[{\"@type\":\"WebPage\",\"@id\":\"https:\/\/echansonneriedespapes.com\/index.php\/313eme-chapitre-grand-conseil-dhiver-samedi-07-decembre-2013\/\",\"url\":\"https:\/\/echansonneriedespapes.com\/index.php\/313eme-chapitre-grand-conseil-dhiver-samedi-07-decembre-2013\/\",\"name\":\"313\u00e8me chapitre - \u00c9chansonnerie des Papes\",\"isPartOf\":{\"@id\":\"https:\/\/echansonneriedespapes.com\/#website\"},\"primaryImageOfPage\":{\"@id\":\"https:\/\/echansonneriedespapes.com\/index.php\/313eme-chapitre-grand-conseil-dhiver-samedi-07-decembre-2013\/#primaryimage\"},\"image\":{\"@id\":\"https:\/\/echansonneriedespapes.com\/index.php\/313eme-chapitre-grand-conseil-dhiver-samedi-07-decembre-2013\/#primaryimage\"},\"thumbnailUrl\":\"https:\/\/echansonneriedespapes.com\/wp-content\/uploads\/2020\/06\/Fichier-1-150x150.png\",\"datePublished\":\"2020-12-03T13:11:29+00:00\",\"dateModified\":\"2020-12-08T15:41:28+00:00\",\"breadcrumb\":{\"@id\":\"https:\/\/echansonneriedespapes.com\/index.php\/313eme-chapitre-grand-conseil-dhiver-samedi-07-decembre-2013\/#breadcrumb\"},\"inLanguage\":\"fr-FR\",\"potentialAction\":[{\"@type\":\"ReadAction\",\"target\":[\"https:\/\/echansonneriedespapes.com\/index.php\/313eme-chapitre-grand-conseil-dhiver-samedi-07-decembre-2013\/\"]}]},{\"@type\":\"ImageObject\",\"inLanguage\":\"fr-FR\",\"@id\":\"https:\/\/echansonneriedespapes.com\/index.php\/313eme-chapitre-grand-conseil-dhiver-samedi-07-decembre-2013\/#primaryimage\",\"url\":\"https:\/\/echansonneriedespapes.com\/wp-content\/uploads\/2020\/06\/Fichier-1.png\",\"contentUrl\":\"https:\/\/echansonneriedespapes.com\/wp-content\/uploads\/2020\/06\/Fichier-1.png\",\"width\":350,\"height\":182},{\"@type\":\"BreadcrumbList\",\"@id\":\"https:\/\/echansonneriedespapes.com\/index.php\/313eme-chapitre-grand-conseil-dhiver-samedi-07-decembre-2013\/#breadcrumb\",\"itemListElement\":[{\"@type\":\"ListItem\",\"position\":1,\"name\":\"Accueil\",\"item\":\"https:\/\/echansonneriedespapes.com\/\"},{\"@type\":\"ListItem\",\"position\":2,\"name\":\"313\u00e8me chapitre\"}]},{\"@type\":\"WebSite\",\"@id\":\"https:\/\/echansonneriedespapes.com\/#website\",\"url\":\"https:\/\/echansonneriedespapes.com\/\",\"name\":\"\u00c9chansonnerie des Papes\",\"description\":\"La Confr\u00e9rie Bachique de Ch\u00e2teauneuf-du-Pape\",\"publisher\":{\"@id\":\"https:\/\/echansonneriedespapes.com\/#organization\"},\"potentialAction\":[{\"@type\":\"SearchAction\",\"target\":{\"@type\":\"EntryPoint\",\"urlTemplate\":\"https:\/\/echansonneriedespapes.com\/?s={search_term_string}\"},\"query-input\":{\"@type\":\"PropertyValueSpecification\",\"valueRequired\":true,\"valueName\":\"search_term_string\"}}],\"inLanguage\":\"fr-FR\"},{\"@type\":\"Organization\",\"@id\":\"https:\/\/echansonneriedespapes.com\/#organization\",\"name\":\"\u00c9chansonnerie des Papes\",\"url\":\"https:\/\/echansonneriedespapes.com\/\",\"logo\":{\"@type\":\"ImageObject\",\"inLanguage\":\"fr-FR\",\"@id\":\"https:\/\/echansonneriedespapes.com\/#\/schema\/logo\/image\/\",\"url\":\"https:\/\/echansonneriedespapes.com\/wp-content\/uploads\/2018\/08\/cropped-logo-echansonnerie-sans-fond-4.png\",\"contentUrl\":\"https:\/\/echansonneriedespapes.com\/wp-content\/uploads\/2018\/08\/cropped-logo-echansonnerie-sans-fond-4.png\",\"width\":508,\"height\":608,\"caption\":\"\u00c9chansonnerie des Papes\"},\"image\":{\"@id\":\"https:\/\/echansonneriedespapes.com\/#\/schema\/logo\/image\/\"}}]}<\/script>\n<!-- \/ Yoast SEO plugin. -->","yoast_head_json":{"title":"313\u00e8me chapitre - \u00c9chansonnerie des Papes","robots":{"index":"index","follow":"follow","max-snippet":"max-snippet:-1","max-image-preview":"max-image-preview:large","max-video-preview":"max-video-preview:-1"},"canonical":"https:\/\/echansonneriedespapes.com\/index.php\/313eme-chapitre-grand-conseil-dhiver-samedi-07-decembre-2013\/","og_locale":"fr_FR","og_type":"article","og_title":"313\u00e8me chapitre - \u00c9chansonnerie des Papes","og_description":"Grand Conseil d&rsquo;HiverSamedi 7 d\u00e9cembre 2013 Palais des PapesAvignon Jean ALESIPilote Automobile Fran\u00e7ais Gaspard PROUSTActeur et Humoriste Slov\u00e9no-Suisse Michel TROISGROSChef Cuisinier Fran\u00e7ais Eric BEAUMARDVice Meilleur Sommelier du Monde, Restaurant \u00ab\u00a0Le Cinq\u00a0\u00bb, H\u00f4tel Georges V, Paris Pierre DOISEPr\u00e9sident de Select Wine, Vancouver, Canada Laurent DUTOITDirecteur Cr\u00e9dit Agricole du Centre Affaires Viticulture-Agriculture Avignon Orange Cavaillon Herv\u00e9 FORTDirecteur&hellip; Lire la suite","og_url":"https:\/\/echansonneriedespapes.com\/index.php\/313eme-chapitre-grand-conseil-dhiver-samedi-07-decembre-2013\/","og_site_name":"\u00c9chansonnerie des Papes","article_modified_time":"2020-12-08T15:41:28+00:00","og_image":[{"url":"https:\/\/echansonneriedespapes.com\/wp-content\/uploads\/2020\/06\/Fichier-1-150x150.png"}],"twitter_card":"summary_large_image","twitter_misc":{"Dur\u00e9e de lecture estim\u00e9e":"1 minute"},"schema":{"@context":"https:\/\/schema.org","@graph":[{"@type":"WebPage","@id":"https:\/\/echansonneriedespapes.com\/index.php\/313eme-chapitre-grand-conseil-dhiver-samedi-07-decembre-2013\/","url":"https:\/\/echansonneriedespapes.com\/index.php\/313eme-chapitre-grand-conseil-dhiver-samedi-07-decembre-2013\/","name":"313\u00e8me chapitre - \u00c9chansonnerie des Papes","isPartOf":{"@id":"https:\/\/echansonneriedespapes.com\/#website"},"primaryImageOfPage":{"@id":"https:\/\/echansonneriedespapes.com\/index.php\/313eme-chapitre-grand-conseil-dhiver-samedi-07-decembre-2013\/#primaryimage"},"image":{"@id":"https:\/\/echansonneriedespapes.com\/index.php\/313eme-chapitre-grand-conseil-dhiver-samedi-07-decembre-2013\/#primaryimage"},"thumbnailUrl":"https:\/\/echansonneriedespapes.com\/wp-content\/uploads\/2020\/06\/Fichier-1-150x150.png","datePublished":"2020-12-03T13:11:29+00:00","dateModified":"2020-12-08T15:41:28+00:00","breadcrumb":{"@id":"https:\/\/echansonneriedespapes.com\/index.php\/313eme-chapitre-grand-conseil-dhiver-samedi-07-decembre-2013\/#breadcrumb"},"inLanguage":"fr-FR","potentialAction":[{"@type":"ReadAction","target":["https:\/\/echansonneriedespapes.com\/index.php\/313eme-chapitre-grand-conseil-dhiver-samedi-07-decembre-2013\/"]}]},{"@type":"ImageObject","inLanguage":"fr-FR","@id":"https:\/\/echansonneriedespapes.com\/index.php\/313eme-chapitre-grand-conseil-dhiver-samedi-07-decembre-2013\/#primaryimage","url":"https:\/\/echansonneriedespapes.com\/wp-content\/uploads\/2020\/06\/Fichier-1.png","contentUrl":"https:\/\/echansonneriedespapes.com\/wp-content\/uploads\/2020\/06\/Fichier-1.png","width":350,"height":182},{"@type":"BreadcrumbList","@id":"https:\/\/echansonneriedespapes.com\/index.php\/313eme-chapitre-grand-conseil-dhiver-samedi-07-decembre-2013\/#breadcrumb","itemListElement":[{"@type":"ListItem","position":1,"name":"Accueil","item":"https:\/\/echansonneriedespapes.com\/"},{"@type":"ListItem","position":2,"name":"313\u00e8me chapitre"}]},{"@type":"WebSite","@id":"https:\/\/echansonneriedespapes.com\/#website","url":"https:\/\/echansonneriedespapes.com\/","name":"\u00c9chansonnerie des Papes","description":"La Confr\u00e9rie Bachique de Ch\u00e2teauneuf-du-Pape","publisher":{"@id":"https:\/\/echansonneriedespapes.com\/#organization"},"potentialAction":[{"@type":"SearchAction","target":{"@type":"EntryPoint","urlTemplate":"https:\/\/echansonneriedespapes.com\/?s={search_term_string}"},"query-input":{"@type":"PropertyValueSpecification","valueRequired":true,"valueName":"search_term_string"}}],"inLanguage":"fr-FR"},{"@type":"Organization","@id":"https:\/\/echansonneriedespapes.com\/#organization","name":"\u00c9chansonnerie des Papes","url":"https:\/\/echansonneriedespapes.com\/","logo":{"@type":"ImageObject","inLanguage":"fr-FR","@id":"https:\/\/echansonneriedespapes.com\/#\/schema\/logo\/image\/","url":"https:\/\/echansonneriedespapes.com\/wp-content\/uploads\/2018\/08\/cropped-logo-echansonnerie-sans-fond-4.png","contentUrl":"https:\/\/echansonneriedespapes.com\/wp-content\/uploads\/2018\/08\/cropped-logo-echansonnerie-sans-fond-4.png","width":508,"height":608,"caption":"\u00c9chansonnerie des Papes"},"image":{"@id":"https:\/\/echansonneriedespapes.com\/#\/schema\/logo\/image\/"}}]}},"jetpack_sharing_enabled":true,"_links":{"self":[{"href":"https:\/\/echansonneriedespapes.com\/index.php\/wp-json\/wp\/v2\/pages\/884"}],"collection":[{"href":"https:\/\/echansonneriedespapes.com\/index.php\/wp-json\/wp\/v2\/pages"}],"about":[{"href":"https:\/\/echansonneriedespapes.com\/index.php\/wp-json\/wp\/v2\/types\/page"}],"author":[{"embeddable":true,"href":"https:\/\/echansonneriedespapes.com\/index.php\/wp-json\/wp\/v2\/users\/1"}],"replies":[{"embeddable":true,"href":"https:\/\/echansonneriedespapes.com\/index.php\/wp-json\/wp\/v2\/comments?post=884"}],"version-history":[{"count":4,"href":"https:\/\/echansonneriedespapes.com\/index.php\/wp-json\/wp\/v2\/pages\/884\/revisions"}],"predecessor-version":[{"id":1224,"href":"https:\/\/echansonneriedespapes.com\/index.php\/wp-json\/wp\/v2\/pages\/884\/revisions\/1224"}],"wp:attachment":[{"href":"https:\/\/echansonneriedespapes.com\/index.php\/wp-json\/wp\/v2\/media?parent=884"}],"curies":[{"name":"wp","href":"https:\/\/api.w.org\/{rel}","templated":true}]}}