{"id":805,"date":"2020-12-03T13:53:38","date_gmt":"2020-12-03T12:53:38","guid":{"rendered":"https:\/\/echansonneriedespapes.com\/?page_id=805"},"modified":"2020-12-08T16:24:46","modified_gmt":"2020-12-08T15:24:46","slug":"338eme-chapitre-chapitre-de-lassociation-internationale-des-juristes-du-droit-de-la-vigne-et-du-vin-vendredi-25-octobre-2019","status":"publish","type":"page","link":"https:\/\/echansonneriedespapes.com\/index.php\/338eme-chapitre-chapitre-de-lassociation-internationale-des-juristes-du-droit-de-la-vigne-et-du-vin-vendredi-25-octobre-2019\/","title":{"rendered":"338\u00e8me chapitre"},"content":{"rendered":"\t\t<div data-elementor-type=\"wp-page\" data-elementor-id=\"805\" class=\"elementor elementor-805\">\n\t\t\t\t\t\t<section class=\"elementor-section elementor-top-section elementor-element elementor-element-723867c1 elementor-section-boxed elementor-section-height-default elementor-section-height-default\" data-id=\"723867c1\" data-element_type=\"section\">\n\t\t\t\t\t\t<div class=\"elementor-container elementor-column-gap-default\">\n\t\t\t\t\t<div class=\"elementor-column elementor-col-100 elementor-top-column elementor-element elementor-element-589e5514\" data-id=\"589e5514\" data-element_type=\"column\">\n\t\t\t<div class=\"elementor-widget-wrap elementor-element-populated\">\n\t\t\t\t\t\t<div class=\"elementor-element elementor-element-3f0aed4f elementor-widget elementor-widget-heading\" data-id=\"3f0aed4f\" data-element_type=\"widget\" data-widget_type=\"heading.default\">\n\t\t\t\t<div class=\"elementor-widget-container\">\n\t\t\t<h2 class=\"elementor-heading-title elementor-size-large\"><a href=\"https:\/\/www.aidv.org\">Association Internationale des Juristes du droit de la Vigne et du Vin<br><font size=\"6\"><i>vendredi 25 octobre 2019<\/i><\/font><\/a><\/h2>\t\t<\/div>\n\t\t\t\t<\/div>\n\t\t\t\t<div class=\"elementor-element elementor-element-4ffb8c51 elementor-widget elementor-widget-heading\" data-id=\"4ffb8c51\" data-element_type=\"widget\" data-widget_type=\"heading.default\">\n\t\t\t\t<div class=\"elementor-widget-container\">\n\t\t\t<h2 class=\"elementor-heading-title elementor-size-large\">Maison Ogier<br>Ch\u00e2teauneuf-du-Pape<\/h2>\t\t<\/div>\n\t\t\t\t<\/div>\n\t\t\t\t<div class=\"elementor-element elementor-element-7a225f4c elementor-widget elementor-widget-image\" data-id=\"7a225f4c\" data-element_type=\"widget\" data-widget_type=\"image.default\">\n\t\t\t\t<div class=\"elementor-widget-container\">\n\t\t\t\t\t\t\t\t\t\t\t\t\t<img decoding=\"async\" width=\"150\" height=\"150\" src=\"https:\/\/echansonneriedespapes.com\/wp-content\/uploads\/2020\/06\/Fichier-1-150x150.png\" class=\"attachment-thumbnail size-thumbnail wp-image-415\" alt=\"\" \/>\t\t\t\t\t\t\t\t\t\t\t\t\t<\/div>\n\t\t\t\t<\/div>\n\t\t\t\t<div class=\"elementor-element elementor-element-253c7614 elementor-widget elementor-widget-spacer\" data-id=\"253c7614\" data-element_type=\"widget\" data-widget_type=\"spacer.default\">\n\t\t\t\t<div class=\"elementor-widget-container\">\n\t\t\t\t\t<div class=\"elementor-spacer\">\n\t\t\t<div class=\"elementor-spacer-inner\"><\/div>\n\t\t<\/div>\n\t\t\t\t<\/div>\n\t\t\t\t<\/div>\n\t\t\t\t\t<\/div>\n\t\t<\/div>\n\t\t\t\t\t<\/div>\n\t\t<\/section>\n\t\t\t\t<section class=\"elementor-section elementor-top-section elementor-element elementor-element-3d694536 elementor-section-boxed elementor-section-height-default elementor-section-height-default\" data-id=\"3d694536\" data-element_type=\"section\">\n\t\t\t\t\t\t<div class=\"elementor-container elementor-column-gap-default\">\n\t\t\t\t\t<div class=\"elementor-column elementor-col-100 elementor-top-column elementor-element elementor-element-39834313\" data-id=\"39834313\" data-element_type=\"column\">\n\t\t\t<div class=\"elementor-widget-wrap elementor-element-populated\">\n\t\t\t\t\t\t<div class=\"elementor-element elementor-element-4ac2ed70 elementor-widget elementor-widget-image\" data-id=\"4ac2ed70\" data-element_type=\"widget\" data-widget_type=\"image.default\">\n\t\t\t\t<div class=\"elementor-widget-container\">\n\t\t\t\t\t\t\t\t\t\t\t\t\t<img fetchpriority=\"high\" decoding=\"async\" width=\"1024\" height=\"681\" src=\"https:\/\/echansonneriedespapes.com\/wp-content\/uploads\/2020\/12\/Groupe-1024x681.jpg\" class=\"attachment-large size-large wp-image-976\" alt=\"\" srcset=\"https:\/\/echansonneriedespapes.com\/wp-content\/uploads\/2020\/12\/Groupe-1024x681.jpg 1024w, https:\/\/echansonneriedespapes.com\/wp-content\/uploads\/2020\/12\/Groupe-300x199.jpg 300w, https:\/\/echansonneriedespapes.com\/wp-content\/uploads\/2020\/12\/Groupe-768x511.jpg 768w, https:\/\/echansonneriedespapes.com\/wp-content\/uploads\/2020\/12\/Groupe-1536x1021.jpg 1536w, https:\/\/echansonneriedespapes.com\/wp-content\/uploads\/2020\/12\/Groupe-2048x1362.jpg 2048w, https:\/\/echansonneriedespapes.com\/wp-content\/uploads\/2020\/12\/Groupe-1624x1080.jpg 1624w\" sizes=\"(max-width: 1024px) 100vw, 1024px\" \/>\t\t\t\t\t\t\t\t\t\t\t\t\t<\/div>\n\t\t\t\t<\/div>\n\t\t\t\t<div class=\"elementor-element elementor-element-215fb62d elementor-widget elementor-widget-text-editor\" data-id=\"215fb62d\" data-element_type=\"widget\" data-widget_type=\"text-editor.default\">\n\t\t\t\t<div class=\"elementor-widget-container\">\n\t\t\t\t\t\t\t<p style=\"text-align: center;\"><span style=\"color: #000000;\">F\u00e9lix P\u00c9REZ \u00c1LVAREZ<br><\/span><em><span style=\"color: #000000;\">Avocat<\/span><\/em><\/p>\n<p style=\"text-align: center;\"><span style=\"color: #000000;\">Michel D\u00c9SILETS<br><em>Avocat<\/em><br><\/span><\/p>\n<p style=\"text-align: center;\"><span style=\"color: #000000;\">C\u00e9cile HARTMANN<br><em>Magistrate, Pr\u00e9sidente de Chambre, Cour d&rsquo;Appel de Douai<\/em><\/span><\/p>\n<p style=\"text-align: center;\"><span style=\"color: #000000;\">Cristiana-Irinel STOICA<br>Avocate, Propri\u00e9taire du Domaine Viticole Avincis, Dragasani-Roumanie<br><\/span><\/p>\n<p style=\"text-align: center;\"><span style=\"color: #000000;\">Fr\u00e9d\u00e9ric ROCHETEAU<br><em>Avocat au Conseil d&rsquo;Etat et \u00e0 la Cour de Cassation<\/em><\/span><\/p>\t\t\t\t\t\t<\/div>\n\t\t\t\t<\/div>\n\t\t\t\t<div class=\"elementor-element elementor-element-2bab074b elementor-widget elementor-widget-spacer\" data-id=\"2bab074b\" data-element_type=\"widget\" data-widget_type=\"spacer.default\">\n\t\t\t\t<div class=\"elementor-widget-container\">\n\t\t\t\t\t<div class=\"elementor-spacer\">\n\t\t\t<div class=\"elementor-spacer-inner\"><\/div>\n\t\t<\/div>\n\t\t\t\t<\/div>\n\t\t\t\t<\/div>\n\t\t\t\t<div class=\"elementor-element elementor-element-17f9c52e elementor-widget elementor-widget-text-editor\" data-id=\"17f9c52e\" data-element_type=\"widget\" data-widget_type=\"text-editor.default\">\n\t\t\t\t<div class=\"elementor-widget-container\">\n\t\t\t\t\t\t\t<p style=\"text-align: right;\"><em>Cr\u00e9dit photos : Art et Image<\/em><\/p>\t\t\t\t\t\t<\/div>\n\t\t\t\t<\/div>\n\t\t\t\t\t<\/div>\n\t\t<\/div>\n\t\t\t\t\t<\/div>\n\t\t<\/section>\n\t\t\t\t<section class=\"elementor-section elementor-top-section elementor-element elementor-element-7311a6fa elementor-section-full_width elementor-section-height-min-height elementor-section-content-middle elementor-section-height-default elementor-section-items-middle\" data-id=\"7311a6fa\" data-element_type=\"section\" data-settings=\"{&quot;background_background&quot;:&quot;classic&quot;}\">\n\t\t\t\t\t\t<div class=\"elementor-container elementor-column-gap-no\">\n\t\t\t\t\t<div class=\"elementor-column elementor-col-100 elementor-top-column elementor-element elementor-element-1480e6d4\" data-id=\"1480e6d4\" data-element_type=\"column\">\n\t\t\t<div class=\"elementor-widget-wrap\">\n\t\t\t\t\t\t\t<\/div>\n\t\t<\/div>\n\t\t\t\t\t<\/div>\n\t\t<\/section>\n\t\t\t\t<section class=\"elementor-section elementor-top-section elementor-element elementor-element-2cd3846 elementor-section-boxed elementor-section-height-default elementor-section-height-default\" data-id=\"2cd3846\" data-element_type=\"section\">\n\t\t\t\t\t\t<div class=\"elementor-container elementor-column-gap-default\">\n\t\t\t\t\t<div class=\"elementor-column elementor-col-33 elementor-top-column elementor-element elementor-element-2441c4f7\" data-id=\"2441c4f7\" data-element_type=\"column\">\n\t\t\t<div class=\"elementor-widget-wrap elementor-element-populated\">\n\t\t\t\t\t\t<div class=\"elementor-element elementor-element-10ca70d0 elementor-align-left elementor-widget elementor-widget-button\" data-id=\"10ca70d0\" data-element_type=\"widget\" data-widget_type=\"button.default\">\n\t\t\t\t<div class=\"elementor-widget-container\">\n\t\t\t\t\t<div class=\"elementor-button-wrapper\">\n\t\t\t<a class=\"elementor-button elementor-button-link elementor-size-sm elementor-animation-grow\" href=\"https:\/\/echansonneriedespapes.com\/index.php\/337eme-chapitre-trophee-des-jeunes-sommeliers-samedi-28-septembre-2019\/\">\n\t\t\t\t\t\t<span class=\"elementor-button-content-wrapper\">\n\t\t\t\t\t\t<span class=\"elementor-button-icon\">\n\t\t\t\t<i aria-hidden=\"true\" class=\"fas fa-arrow-alt-circle-left\"><\/i>\t\t\t<\/span>\n\t\t\t\t\t\t\t\t\t<span class=\"elementor-button-text\">Chapitre pr\u00e9c\u00e9dent<\/span>\n\t\t\t\t\t<\/span>\n\t\t\t\t\t<\/a>\n\t\t<\/div>\n\t\t\t\t<\/div>\n\t\t\t\t<\/div>\n\t\t\t\t\t<\/div>\n\t\t<\/div>\n\t\t\t\t<div class=\"elementor-column elementor-col-33 elementor-top-column elementor-element elementor-element-6342b5cd\" data-id=\"6342b5cd\" data-element_type=\"column\">\n\t\t\t<div class=\"elementor-widget-wrap\">\n\t\t\t\t\t\t\t<\/div>\n\t\t<\/div>\n\t\t\t\t<div class=\"elementor-column elementor-col-33 elementor-top-column elementor-element elementor-element-29341928\" data-id=\"29341928\" data-element_type=\"column\">\n\t\t\t<div class=\"elementor-widget-wrap elementor-element-populated\">\n\t\t\t\t\t\t<div class=\"elementor-element elementor-element-340cd821 elementor-align-right elementor-widget elementor-widget-button\" data-id=\"340cd821\" data-element_type=\"widget\" data-widget_type=\"button.default\">\n\t\t\t\t<div class=\"elementor-widget-container\">\n\t\t\t\t\t<div class=\"elementor-button-wrapper\">\n\t\t\t<a class=\"elementor-button elementor-button-link elementor-size-sm elementor-animation-grow\" href=\"https:\/\/echansonneriedespapes.com\/index.php\/339eme-chapitre-grand-conseil-dhiver-samedi-07-decembre-2019\/\">\n\t\t\t\t\t\t<span class=\"elementor-button-content-wrapper\">\n\t\t\t\t\t\t<span class=\"elementor-button-icon\">\n\t\t\t\t<i aria-hidden=\"true\" class=\"fas fa-arrow-alt-circle-right\"><\/i>\t\t\t<\/span>\n\t\t\t\t\t\t\t\t\t<span class=\"elementor-button-text\">Chapitre suivant<\/span>\n\t\t\t\t\t<\/span>\n\t\t\t\t\t<\/a>\n\t\t<\/div>\n\t\t\t\t<\/div>\n\t\t\t\t<\/div>\n\t\t\t\t\t<\/div>\n\t\t<\/div>\n\t\t\t\t\t<\/div>\n\t\t<\/section>\n\t\t\t\t<\/div>\n\t\t","protected":false},"excerpt":{"rendered":"<p>Association Internationale des Juristes du droit de la Vigne et du Vinvendredi 25 octobre 2019 Maison OgierCh\u00e2teauneuf-du-Pape F\u00e9lix P\u00c9REZ \u00c1LVAREZAvocat Michel D\u00c9SILETSAvocat C\u00e9cile HARTMANNMagistrate, Pr\u00e9sidente de Chambre, Cour d&rsquo;Appel de Douai Cristiana-Irinel STOICAAvocate, Propri\u00e9taire du Domaine Viticole Avincis, Dragasani-Roumanie Fr\u00e9d\u00e9ric ROCHETEAUAvocat au Conseil d&rsquo;Etat et \u00e0 la Cour de Cassation Cr\u00e9dit photos : Art et&hellip; <br \/> <a class=\"read-more\" href=\"https:\/\/echansonneriedespapes.com\/index.php\/338eme-chapitre-chapitre-de-lassociation-internationale-des-juristes-du-droit-de-la-vigne-et-du-vin-vendredi-25-octobre-2019\/\">Lire la suite<\/a><\/p>\n","protected":false},"author":1,"featured_media":0,"parent":0,"menu_order":0,"comment_status":"closed","ping_status":"closed","template":"","meta":{"footnotes":""},"class_list":["post-805","page","type-page","status-publish","hentry"],"yoast_head":"<!-- This site is optimized with the Yoast SEO plugin v23.4 - https:\/\/yoast.com\/wordpress\/plugins\/seo\/ -->\n<title>338\u00e8me chapitre - \u00c9chansonnerie des Papes<\/title>\n<meta name=\"robots\" content=\"index, follow, max-snippet:-1, max-image-preview:large, max-video-preview:-1\" \/>\n<link rel=\"canonical\" href=\"https:\/\/echansonneriedespapes.com\/index.php\/338eme-chapitre-chapitre-de-lassociation-internationale-des-juristes-du-droit-de-la-vigne-et-du-vin-vendredi-25-octobre-2019\/\" \/>\n<meta property=\"og:locale\" content=\"fr_FR\" \/>\n<meta property=\"og:type\" content=\"article\" \/>\n<meta property=\"og:title\" content=\"338\u00e8me chapitre - \u00c9chansonnerie des Papes\" \/>\n<meta property=\"og:description\" content=\"Association Internationale des Juristes du droit de la Vigne et du Vinvendredi 25 octobre 2019 Maison OgierCh\u00e2teauneuf-du-Pape F\u00e9lix P\u00c9REZ \u00c1LVAREZAvocat Michel D\u00c9SILETSAvocat C\u00e9cile HARTMANNMagistrate, Pr\u00e9sidente de Chambre, Cour d&rsquo;Appel de Douai Cristiana-Irinel STOICAAvocate, Propri\u00e9taire du Domaine Viticole Avincis, Dragasani-Roumanie Fr\u00e9d\u00e9ric ROCHETEAUAvocat au Conseil d&rsquo;Etat et \u00e0 la Cour de Cassation Cr\u00e9dit photos : Art et&hellip; Lire la suite\" \/>\n<meta property=\"og:url\" content=\"https:\/\/echansonneriedespapes.com\/index.php\/338eme-chapitre-chapitre-de-lassociation-internationale-des-juristes-du-droit-de-la-vigne-et-du-vin-vendredi-25-octobre-2019\/\" \/>\n<meta property=\"og:site_name\" content=\"\u00c9chansonnerie des Papes\" \/>\n<meta property=\"article:modified_time\" content=\"2020-12-08T15:24:46+00:00\" \/>\n<meta property=\"og:image\" content=\"https:\/\/echansonneriedespapes.com\/wp-content\/uploads\/2020\/06\/Fichier-1-150x150.png\" \/>\n<meta name=\"twitter:card\" content=\"summary_large_image\" \/>\n<script type=\"application\/ld+json\" class=\"yoast-schema-graph\">{\"@context\":\"https:\/\/schema.org\",\"@graph\":[{\"@type\":\"WebPage\",\"@id\":\"https:\/\/echansonneriedespapes.com\/index.php\/338eme-chapitre-chapitre-de-lassociation-internationale-des-juristes-du-droit-de-la-vigne-et-du-vin-vendredi-25-octobre-2019\/\",\"url\":\"https:\/\/echansonneriedespapes.com\/index.php\/338eme-chapitre-chapitre-de-lassociation-internationale-des-juristes-du-droit-de-la-vigne-et-du-vin-vendredi-25-octobre-2019\/\",\"name\":\"338\u00e8me chapitre - \u00c9chansonnerie des Papes\",\"isPartOf\":{\"@id\":\"https:\/\/echansonneriedespapes.com\/#website\"},\"primaryImageOfPage\":{\"@id\":\"https:\/\/echansonneriedespapes.com\/index.php\/338eme-chapitre-chapitre-de-lassociation-internationale-des-juristes-du-droit-de-la-vigne-et-du-vin-vendredi-25-octobre-2019\/#primaryimage\"},\"image\":{\"@id\":\"https:\/\/echansonneriedespapes.com\/index.php\/338eme-chapitre-chapitre-de-lassociation-internationale-des-juristes-du-droit-de-la-vigne-et-du-vin-vendredi-25-octobre-2019\/#primaryimage\"},\"thumbnailUrl\":\"https:\/\/echansonneriedespapes.com\/wp-content\/uploads\/2020\/06\/Fichier-1-150x150.png\",\"datePublished\":\"2020-12-03T12:53:38+00:00\",\"dateModified\":\"2020-12-08T15:24:46+00:00\",\"breadcrumb\":{\"@id\":\"https:\/\/echansonneriedespapes.com\/index.php\/338eme-chapitre-chapitre-de-lassociation-internationale-des-juristes-du-droit-de-la-vigne-et-du-vin-vendredi-25-octobre-2019\/#breadcrumb\"},\"inLanguage\":\"fr-FR\",\"potentialAction\":[{\"@type\":\"ReadAction\",\"target\":[\"https:\/\/echansonneriedespapes.com\/index.php\/338eme-chapitre-chapitre-de-lassociation-internationale-des-juristes-du-droit-de-la-vigne-et-du-vin-vendredi-25-octobre-2019\/\"]}]},{\"@type\":\"ImageObject\",\"inLanguage\":\"fr-FR\",\"@id\":\"https:\/\/echansonneriedespapes.com\/index.php\/338eme-chapitre-chapitre-de-lassociation-internationale-des-juristes-du-droit-de-la-vigne-et-du-vin-vendredi-25-octobre-2019\/#primaryimage\",\"url\":\"https:\/\/echansonneriedespapes.com\/wp-content\/uploads\/2020\/06\/Fichier-1.png\",\"contentUrl\":\"https:\/\/echansonneriedespapes.com\/wp-content\/uploads\/2020\/06\/Fichier-1.png\",\"width\":350,\"height\":182},{\"@type\":\"BreadcrumbList\",\"@id\":\"https:\/\/echansonneriedespapes.com\/index.php\/338eme-chapitre-chapitre-de-lassociation-internationale-des-juristes-du-droit-de-la-vigne-et-du-vin-vendredi-25-octobre-2019\/#breadcrumb\",\"itemListElement\":[{\"@type\":\"ListItem\",\"position\":1,\"name\":\"Accueil\",\"item\":\"https:\/\/echansonneriedespapes.com\/\"},{\"@type\":\"ListItem\",\"position\":2,\"name\":\"338\u00e8me chapitre\"}]},{\"@type\":\"WebSite\",\"@id\":\"https:\/\/echansonneriedespapes.com\/#website\",\"url\":\"https:\/\/echansonneriedespapes.com\/\",\"name\":\"\u00c9chansonnerie des Papes\",\"description\":\"La Confr\u00e9rie Bachique de Ch\u00e2teauneuf-du-Pape\",\"publisher\":{\"@id\":\"https:\/\/echansonneriedespapes.com\/#organization\"},\"potentialAction\":[{\"@type\":\"SearchAction\",\"target\":{\"@type\":\"EntryPoint\",\"urlTemplate\":\"https:\/\/echansonneriedespapes.com\/?s={search_term_string}\"},\"query-input\":{\"@type\":\"PropertyValueSpecification\",\"valueRequired\":true,\"valueName\":\"search_term_string\"}}],\"inLanguage\":\"fr-FR\"},{\"@type\":\"Organization\",\"@id\":\"https:\/\/echansonneriedespapes.com\/#organization\",\"name\":\"\u00c9chansonnerie des Papes\",\"url\":\"https:\/\/echansonneriedespapes.com\/\",\"logo\":{\"@type\":\"ImageObject\",\"inLanguage\":\"fr-FR\",\"@id\":\"https:\/\/echansonneriedespapes.com\/#\/schema\/logo\/image\/\",\"url\":\"https:\/\/echansonneriedespapes.com\/wp-content\/uploads\/2018\/08\/cropped-logo-echansonnerie-sans-fond-4.png\",\"contentUrl\":\"https:\/\/echansonneriedespapes.com\/wp-content\/uploads\/2018\/08\/cropped-logo-echansonnerie-sans-fond-4.png\",\"width\":508,\"height\":608,\"caption\":\"\u00c9chansonnerie des Papes\"},\"image\":{\"@id\":\"https:\/\/echansonneriedespapes.com\/#\/schema\/logo\/image\/\"}}]}<\/script>\n<!-- \/ Yoast SEO plugin. -->","yoast_head_json":{"title":"338\u00e8me chapitre - \u00c9chansonnerie des Papes","robots":{"index":"index","follow":"follow","max-snippet":"max-snippet:-1","max-image-preview":"max-image-preview:large","max-video-preview":"max-video-preview:-1"},"canonical":"https:\/\/echansonneriedespapes.com\/index.php\/338eme-chapitre-chapitre-de-lassociation-internationale-des-juristes-du-droit-de-la-vigne-et-du-vin-vendredi-25-octobre-2019\/","og_locale":"fr_FR","og_type":"article","og_title":"338\u00e8me chapitre - \u00c9chansonnerie des Papes","og_description":"Association Internationale des Juristes du droit de la Vigne et du Vinvendredi 25 octobre 2019 Maison OgierCh\u00e2teauneuf-du-Pape F\u00e9lix P\u00c9REZ \u00c1LVAREZAvocat Michel D\u00c9SILETSAvocat C\u00e9cile HARTMANNMagistrate, Pr\u00e9sidente de Chambre, Cour d&rsquo;Appel de Douai Cristiana-Irinel STOICAAvocate, Propri\u00e9taire du Domaine Viticole Avincis, Dragasani-Roumanie Fr\u00e9d\u00e9ric ROCHETEAUAvocat au Conseil d&rsquo;Etat et \u00e0 la Cour de Cassation Cr\u00e9dit photos : Art et&hellip; Lire la suite","og_url":"https:\/\/echansonneriedespapes.com\/index.php\/338eme-chapitre-chapitre-de-lassociation-internationale-des-juristes-du-droit-de-la-vigne-et-du-vin-vendredi-25-octobre-2019\/","og_site_name":"\u00c9chansonnerie des Papes","article_modified_time":"2020-12-08T15:24:46+00:00","og_image":[{"url":"https:\/\/echansonneriedespapes.com\/wp-content\/uploads\/2020\/06\/Fichier-1-150x150.png"}],"twitter_card":"summary_large_image","schema":{"@context":"https:\/\/schema.org","@graph":[{"@type":"WebPage","@id":"https:\/\/echansonneriedespapes.com\/index.php\/338eme-chapitre-chapitre-de-lassociation-internationale-des-juristes-du-droit-de-la-vigne-et-du-vin-vendredi-25-octobre-2019\/","url":"https:\/\/echansonneriedespapes.com\/index.php\/338eme-chapitre-chapitre-de-lassociation-internationale-des-juristes-du-droit-de-la-vigne-et-du-vin-vendredi-25-octobre-2019\/","name":"338\u00e8me chapitre - \u00c9chansonnerie des Papes","isPartOf":{"@id":"https:\/\/echansonneriedespapes.com\/#website"},"primaryImageOfPage":{"@id":"https:\/\/echansonneriedespapes.com\/index.php\/338eme-chapitre-chapitre-de-lassociation-internationale-des-juristes-du-droit-de-la-vigne-et-du-vin-vendredi-25-octobre-2019\/#primaryimage"},"image":{"@id":"https:\/\/echansonneriedespapes.com\/index.php\/338eme-chapitre-chapitre-de-lassociation-internationale-des-juristes-du-droit-de-la-vigne-et-du-vin-vendredi-25-octobre-2019\/#primaryimage"},"thumbnailUrl":"https:\/\/echansonneriedespapes.com\/wp-content\/uploads\/2020\/06\/Fichier-1-150x150.png","datePublished":"2020-12-03T12:53:38+00:00","dateModified":"2020-12-08T15:24:46+00:00","breadcrumb":{"@id":"https:\/\/echansonneriedespapes.com\/index.php\/338eme-chapitre-chapitre-de-lassociation-internationale-des-juristes-du-droit-de-la-vigne-et-du-vin-vendredi-25-octobre-2019\/#breadcrumb"},"inLanguage":"fr-FR","potentialAction":[{"@type":"ReadAction","target":["https:\/\/echansonneriedespapes.com\/index.php\/338eme-chapitre-chapitre-de-lassociation-internationale-des-juristes-du-droit-de-la-vigne-et-du-vin-vendredi-25-octobre-2019\/"]}]},{"@type":"ImageObject","inLanguage":"fr-FR","@id":"https:\/\/echansonneriedespapes.com\/index.php\/338eme-chapitre-chapitre-de-lassociation-internationale-des-juristes-du-droit-de-la-vigne-et-du-vin-vendredi-25-octobre-2019\/#primaryimage","url":"https:\/\/echansonneriedespapes.com\/wp-content\/uploads\/2020\/06\/Fichier-1.png","contentUrl":"https:\/\/echansonneriedespapes.com\/wp-content\/uploads\/2020\/06\/Fichier-1.png","width":350,"height":182},{"@type":"BreadcrumbList","@id":"https:\/\/echansonneriedespapes.com\/index.php\/338eme-chapitre-chapitre-de-lassociation-internationale-des-juristes-du-droit-de-la-vigne-et-du-vin-vendredi-25-octobre-2019\/#breadcrumb","itemListElement":[{"@type":"ListItem","position":1,"name":"Accueil","item":"https:\/\/echansonneriedespapes.com\/"},{"@type":"ListItem","position":2,"name":"338\u00e8me chapitre"}]},{"@type":"WebSite","@id":"https:\/\/echansonneriedespapes.com\/#website","url":"https:\/\/echansonneriedespapes.com\/","name":"\u00c9chansonnerie des Papes","description":"La Confr\u00e9rie Bachique de Ch\u00e2teauneuf-du-Pape","publisher":{"@id":"https:\/\/echansonneriedespapes.com\/#organization"},"potentialAction":[{"@type":"SearchAction","target":{"@type":"EntryPoint","urlTemplate":"https:\/\/echansonneriedespapes.com\/?s={search_term_string}"},"query-input":{"@type":"PropertyValueSpecification","valueRequired":true,"valueName":"search_term_string"}}],"inLanguage":"fr-FR"},{"@type":"Organization","@id":"https:\/\/echansonneriedespapes.com\/#organization","name":"\u00c9chansonnerie des Papes","url":"https:\/\/echansonneriedespapes.com\/","logo":{"@type":"ImageObject","inLanguage":"fr-FR","@id":"https:\/\/echansonneriedespapes.com\/#\/schema\/logo\/image\/","url":"https:\/\/echansonneriedespapes.com\/wp-content\/uploads\/2018\/08\/cropped-logo-echansonnerie-sans-fond-4.png","contentUrl":"https:\/\/echansonneriedespapes.com\/wp-content\/uploads\/2018\/08\/cropped-logo-echansonnerie-sans-fond-4.png","width":508,"height":608,"caption":"\u00c9chansonnerie des Papes"},"image":{"@id":"https:\/\/echansonneriedespapes.com\/#\/schema\/logo\/image\/"}}]}},"jetpack_sharing_enabled":true,"_links":{"self":[{"href":"https:\/\/echansonneriedespapes.com\/index.php\/wp-json\/wp\/v2\/pages\/805"}],"collection":[{"href":"https:\/\/echansonneriedespapes.com\/index.php\/wp-json\/wp\/v2\/pages"}],"about":[{"href":"https:\/\/echansonneriedespapes.com\/index.php\/wp-json\/wp\/v2\/types\/page"}],"author":[{"embeddable":true,"href":"https:\/\/echansonneriedespapes.com\/index.php\/wp-json\/wp\/v2\/users\/1"}],"replies":[{"embeddable":true,"href":"https:\/\/echansonneriedespapes.com\/index.php\/wp-json\/wp\/v2\/comments?post=805"}],"version-history":[{"count":5,"href":"https:\/\/echansonneriedespapes.com\/index.php\/wp-json\/wp\/v2\/pages\/805\/revisions"}],"predecessor-version":[{"id":1210,"href":"https:\/\/echansonneriedespapes.com\/index.php\/wp-json\/wp\/v2\/pages\/805\/revisions\/1210"}],"wp:attachment":[{"href":"https:\/\/echansonneriedespapes.com\/index.php\/wp-json\/wp\/v2\/media?parent=805"}],"curies":[{"name":"wp","href":"https:\/\/api.w.org\/{rel}","templated":true}]}}