{"id":797,"date":"2020-12-03T13:50:34","date_gmt":"2020-12-03T12:50:34","guid":{"rendered":"https:\/\/echansonneriedespapes.com\/?page_id=797"},"modified":"2020-12-08T16:22:31","modified_gmt":"2020-12-08T15:22:31","slug":"340eme-chapitre-finale-du-championnat-de-france-de-degustation-amateur-de-la-revue-du-vin-de-france-samedi-04-juillet-2020","status":"publish","type":"page","link":"https:\/\/echansonneriedespapes.com\/index.php\/340eme-chapitre-finale-du-championnat-de-france-de-degustation-amateur-de-la-revue-du-vin-de-france-samedi-04-juillet-2020\/","title":{"rendered":"340\u00e8me chapitre"},"content":{"rendered":"\t\t<div data-elementor-type=\"wp-page\" data-elementor-id=\"797\" class=\"elementor elementor-797\">\n\t\t\t\t\t\t<section class=\"elementor-section elementor-top-section elementor-element elementor-element-2a423bda elementor-section-boxed elementor-section-height-default elementor-section-height-default\" data-id=\"2a423bda\" data-element_type=\"section\">\n\t\t\t\t\t\t<div class=\"elementor-container elementor-column-gap-default\">\n\t\t\t\t\t<div class=\"elementor-column elementor-col-100 elementor-top-column elementor-element elementor-element-22eedff5\" data-id=\"22eedff5\" data-element_type=\"column\">\n\t\t\t<div class=\"elementor-widget-wrap elementor-element-populated\">\n\t\t\t\t\t\t<div class=\"elementor-element elementor-element-129ea716 elementor-widget elementor-widget-heading\" data-id=\"129ea716\" data-element_type=\"widget\" data-widget_type=\"heading.default\">\n\t\t\t\t<div class=\"elementor-widget-container\">\n\t\t\t<h2 class=\"elementor-heading-title elementor-size-large\"><a href=\"https:\/\/www.larvf.com\/,le-championnat-de-degustation-de-la-rvf,12614.htm\">Finale du championnat de France de d\u00e9gustation amateur de la Revue du Vin de France <br><font size=\"6\"><i>Samedi 04 juillet 2020<\/i><\/font><\/a><\/h2>\t\t<\/div>\n\t\t\t\t<\/div>\n\t\t\t\t<div class=\"elementor-element elementor-element-1ca45725 elementor-widget elementor-widget-heading\" data-id=\"1ca45725\" data-element_type=\"widget\" data-widget_type=\"heading.default\">\n\t\t\t\t<div class=\"elementor-widget-container\">\n\t\t\t<h2 class=\"elementor-heading-title elementor-size-large\">Celliers Pontificaux<br>Ch\u00e2teauneuf-du-Pape<\/h2>\t\t<\/div>\n\t\t\t\t<\/div>\n\t\t\t\t<div class=\"elementor-element elementor-element-7d08e498 elementor-widget elementor-widget-image\" data-id=\"7d08e498\" data-element_type=\"widget\" data-widget_type=\"image.default\">\n\t\t\t\t<div class=\"elementor-widget-container\">\n\t\t\t\t\t\t\t\t\t\t\t\t\t<img decoding=\"async\" width=\"150\" height=\"150\" src=\"https:\/\/echansonneriedespapes.com\/wp-content\/uploads\/2020\/06\/Fichier-1-150x150.png\" class=\"attachment-thumbnail size-thumbnail wp-image-415\" alt=\"\" \/>\t\t\t\t\t\t\t\t\t\t\t\t\t<\/div>\n\t\t\t\t<\/div>\n\t\t\t\t<div class=\"elementor-element elementor-element-751d34cb elementor-widget elementor-widget-spacer\" data-id=\"751d34cb\" data-element_type=\"widget\" data-widget_type=\"spacer.default\">\n\t\t\t\t<div class=\"elementor-widget-container\">\n\t\t\t\t\t<div class=\"elementor-spacer\">\n\t\t\t<div class=\"elementor-spacer-inner\"><\/div>\n\t\t<\/div>\n\t\t\t\t<\/div>\n\t\t\t\t<\/div>\n\t\t\t\t\t<\/div>\n\t\t<\/div>\n\t\t\t\t\t<\/div>\n\t\t<\/section>\n\t\t\t\t<section class=\"elementor-section elementor-top-section elementor-element elementor-element-4398545c elementor-section-boxed elementor-section-height-default elementor-section-height-default\" data-id=\"4398545c\" data-element_type=\"section\">\n\t\t\t\t\t\t<div class=\"elementor-container elementor-column-gap-default\">\n\t\t\t\t\t<div class=\"elementor-column elementor-col-100 elementor-top-column elementor-element elementor-element-545f5dcf\" data-id=\"545f5dcf\" data-element_type=\"column\">\n\t\t\t<div class=\"elementor-widget-wrap elementor-element-populated\">\n\t\t\t\t\t\t<div class=\"elementor-element elementor-element-2284058 elementor-widget elementor-widget-image\" data-id=\"2284058\" data-element_type=\"widget\" data-widget_type=\"image.default\">\n\t\t\t\t<div class=\"elementor-widget-container\">\n\t\t\t\t\t\t\t\t\t\t\t\t\t<img fetchpriority=\"high\" decoding=\"async\" width=\"1024\" height=\"768\" src=\"https:\/\/echansonneriedespapes.com\/wp-content\/uploads\/2020\/12\/4-juillet-2020-Finale-Championnat-Revue-du-Vin-de-France-1024x768.jpeg\" class=\"attachment-large size-large wp-image-952\" alt=\"\" srcset=\"https:\/\/echansonneriedespapes.com\/wp-content\/uploads\/2020\/12\/4-juillet-2020-Finale-Championnat-Revue-du-Vin-de-France-1024x768.jpeg 1024w, https:\/\/echansonneriedespapes.com\/wp-content\/uploads\/2020\/12\/4-juillet-2020-Finale-Championnat-Revue-du-Vin-de-France-300x225.jpeg 300w, https:\/\/echansonneriedespapes.com\/wp-content\/uploads\/2020\/12\/4-juillet-2020-Finale-Championnat-Revue-du-Vin-de-France-768x576.jpeg 768w, https:\/\/echansonneriedespapes.com\/wp-content\/uploads\/2020\/12\/4-juillet-2020-Finale-Championnat-Revue-du-Vin-de-France-1536x1152.jpeg 1536w, https:\/\/echansonneriedespapes.com\/wp-content\/uploads\/2020\/12\/4-juillet-2020-Finale-Championnat-Revue-du-Vin-de-France-2048x1536.jpeg 2048w, https:\/\/echansonneriedespapes.com\/wp-content\/uploads\/2020\/12\/4-juillet-2020-Finale-Championnat-Revue-du-Vin-de-France-1440x1080.jpeg 1440w\" sizes=\"(max-width: 1024px) 100vw, 1024px\" \/>\t\t\t\t\t\t\t\t\t\t\t\t\t<\/div>\n\t\t\t\t<\/div>\n\t\t\t\t<div class=\"elementor-element elementor-element-4fbabff elementor-widget elementor-widget-text-editor\" data-id=\"4fbabff\" data-element_type=\"widget\" data-widget_type=\"text-editor.default\">\n\t\t\t\t<div class=\"elementor-widget-container\">\n\t\t\t\t\t\t\t<p style=\"text-align: center;\"><span style=\"color: #000000;\">Christophe BOYET<br><\/span><em><span style=\"color: #000000;\">Vainqueur du championnat de France de d\u00e9gustation amateur par \u00e9quipe de la Revue du Vin de France<\/span><\/em><\/p>\n<p style=\"text-align: center;\"><span style=\"color: #000000;\">Emmanuel OLIVE<br><em>Vainqueur du championnat de France de d\u00e9gustation amateur par \u00e9quipe de la&nbsp;<\/em><\/span><em><span style=\"color: rgb(0, 0, 0);\">Revue du Vin de France<\/span><\/em><\/p>\t\t\t\t\t\t<\/div>\n\t\t\t\t<\/div>\n\t\t\t\t\t<\/div>\n\t\t<\/div>\n\t\t\t\t\t<\/div>\n\t\t<\/section>\n\t\t\t\t<section class=\"elementor-section elementor-top-section elementor-element elementor-element-4756be14 elementor-section-boxed elementor-section-height-default elementor-section-height-default\" data-id=\"4756be14\" data-element_type=\"section\">\n\t\t\t\t\t\t<div class=\"elementor-container elementor-column-gap-default\">\n\t\t\t\t\t<div class=\"elementor-column elementor-col-100 elementor-top-column elementor-element elementor-element-57f8fd80\" data-id=\"57f8fd80\" data-element_type=\"column\">\n\t\t\t<div class=\"elementor-widget-wrap elementor-element-populated\">\n\t\t\t\t\t\t<div class=\"elementor-element elementor-element-386b2fc6 elementor-widget elementor-widget-spacer\" data-id=\"386b2fc6\" data-element_type=\"widget\" data-widget_type=\"spacer.default\">\n\t\t\t\t<div class=\"elementor-widget-container\">\n\t\t\t\t\t<div class=\"elementor-spacer\">\n\t\t\t<div class=\"elementor-spacer-inner\"><\/div>\n\t\t<\/div>\n\t\t\t\t<\/div>\n\t\t\t\t<\/div>\n\t\t\t\t<div class=\"elementor-element elementor-element-3998ca90 elementor-widget elementor-widget-text-editor\" data-id=\"3998ca90\" data-element_type=\"widget\" data-widget_type=\"text-editor.default\">\n\t\t\t\t<div class=\"elementor-widget-container\">\n\t\t\t\t\t\t\t<p style=\"text-align: right;\"><em>Cr\u00e9dit photos : Echansonnerie des Papes<\/em><\/p>\t\t\t\t\t\t<\/div>\n\t\t\t\t<\/div>\n\t\t\t\t\t<\/div>\n\t\t<\/div>\n\t\t\t\t\t<\/div>\n\t\t<\/section>\n\t\t\t\t<section class=\"elementor-section elementor-top-section elementor-element elementor-element-1cc4f13c elementor-section-full_width elementor-section-height-min-height elementor-section-content-middle elementor-section-height-default elementor-section-items-middle\" data-id=\"1cc4f13c\" data-element_type=\"section\" data-settings=\"{&quot;background_background&quot;:&quot;classic&quot;}\">\n\t\t\t\t\t\t<div class=\"elementor-container elementor-column-gap-no\">\n\t\t\t\t\t<div class=\"elementor-column elementor-col-100 elementor-top-column elementor-element elementor-element-74d14be0\" data-id=\"74d14be0\" data-element_type=\"column\">\n\t\t\t<div class=\"elementor-widget-wrap\">\n\t\t\t\t\t\t\t<\/div>\n\t\t<\/div>\n\t\t\t\t\t<\/div>\n\t\t<\/section>\n\t\t\t\t<section class=\"elementor-section elementor-top-section elementor-element elementor-element-782f91c elementor-section-boxed elementor-section-height-default elementor-section-height-default\" data-id=\"782f91c\" data-element_type=\"section\">\n\t\t\t\t\t\t<div class=\"elementor-container elementor-column-gap-default\">\n\t\t\t\t\t<div class=\"elementor-column elementor-col-33 elementor-top-column elementor-element elementor-element-3e51de5f\" data-id=\"3e51de5f\" data-element_type=\"column\">\n\t\t\t<div class=\"elementor-widget-wrap elementor-element-populated\">\n\t\t\t\t\t\t<div class=\"elementor-element elementor-element-14aa0213 elementor-align-left elementor-widget elementor-widget-button\" data-id=\"14aa0213\" data-element_type=\"widget\" data-widget_type=\"button.default\">\n\t\t\t\t<div class=\"elementor-widget-container\">\n\t\t\t\t\t<div class=\"elementor-button-wrapper\">\n\t\t\t<a class=\"elementor-button elementor-button-link elementor-size-sm elementor-animation-grow\" href=\"https:\/\/echansonneriedespapes.com\/index.php\/339eme-chapitre-grand-conseil-dhiver-samedi-07-decembre-2019\/\">\n\t\t\t\t\t\t<span class=\"elementor-button-content-wrapper\">\n\t\t\t\t\t\t<span class=\"elementor-button-icon\">\n\t\t\t\t<i aria-hidden=\"true\" class=\"fas fa-arrow-alt-circle-left\"><\/i>\t\t\t<\/span>\n\t\t\t\t\t\t\t\t\t<span class=\"elementor-button-text\">Chapitre pr\u00e9c\u00e9dent<\/span>\n\t\t\t\t\t<\/span>\n\t\t\t\t\t<\/a>\n\t\t<\/div>\n\t\t\t\t<\/div>\n\t\t\t\t<\/div>\n\t\t\t\t\t<\/div>\n\t\t<\/div>\n\t\t\t\t<div class=\"elementor-column elementor-col-33 elementor-top-column elementor-element elementor-element-6c2a2644\" data-id=\"6c2a2644\" data-element_type=\"column\">\n\t\t\t<div class=\"elementor-widget-wrap\">\n\t\t\t\t\t\t\t<\/div>\n\t\t<\/div>\n\t\t\t\t<div class=\"elementor-column elementor-col-33 elementor-top-column elementor-element elementor-element-2d7a1bb\" data-id=\"2d7a1bb\" data-element_type=\"column\">\n\t\t\t<div class=\"elementor-widget-wrap elementor-element-populated\">\n\t\t\t\t\t\t<div class=\"elementor-element elementor-element-6ffa81d7 elementor-align-right elementor-widget elementor-widget-button\" data-id=\"6ffa81d7\" data-element_type=\"widget\" data-widget_type=\"button.default\">\n\t\t\t\t<div class=\"elementor-widget-container\">\n\t\t\t\t\t<div class=\"elementor-button-wrapper\">\n\t\t\t<a class=\"elementor-button elementor-button-link elementor-size-sm elementor-animation-grow\" href=\"https:\/\/echansonneriedespapes.com\/index.php\/341eme-chapitre-assemblee-generale-des-sommeliers-formateurs-mardi-25-aout-2020\/\">\n\t\t\t\t\t\t<span class=\"elementor-button-content-wrapper\">\n\t\t\t\t\t\t<span class=\"elementor-button-icon\">\n\t\t\t\t<i aria-hidden=\"true\" class=\"fas fa-arrow-alt-circle-right\"><\/i>\t\t\t<\/span>\n\t\t\t\t\t\t\t\t\t<span class=\"elementor-button-text\">Chapitre suivant<\/span>\n\t\t\t\t\t<\/span>\n\t\t\t\t\t<\/a>\n\t\t<\/div>\n\t\t\t\t<\/div>\n\t\t\t\t<\/div>\n\t\t\t\t\t<\/div>\n\t\t<\/div>\n\t\t\t\t\t<\/div>\n\t\t<\/section>\n\t\t\t\t<\/div>\n\t\t","protected":false},"excerpt":{"rendered":"<p>Finale du championnat de France de d\u00e9gustation amateur de la Revue du Vin de France Samedi 04 juillet 2020 Celliers PontificauxCh\u00e2teauneuf-du-Pape Christophe BOYETVainqueur du championnat de France de d\u00e9gustation amateur par \u00e9quipe de la Revue du Vin de France Emmanuel OLIVEVainqueur du championnat de France de d\u00e9gustation amateur par \u00e9quipe de la&nbsp;Revue du Vin de&hellip; <br \/> <a class=\"read-more\" href=\"https:\/\/echansonneriedespapes.com\/index.php\/340eme-chapitre-finale-du-championnat-de-france-de-degustation-amateur-de-la-revue-du-vin-de-france-samedi-04-juillet-2020\/\">Lire la suite<\/a><\/p>\n","protected":false},"author":1,"featured_media":0,"parent":0,"menu_order":0,"comment_status":"closed","ping_status":"closed","template":"","meta":{"footnotes":""},"class_list":["post-797","page","type-page","status-publish","hentry"],"yoast_head":"<!-- This site is optimized with the Yoast SEO plugin v23.4 - https:\/\/yoast.com\/wordpress\/plugins\/seo\/ -->\n<title>340\u00e8me chapitre - \u00c9chansonnerie des Papes<\/title>\n<meta name=\"robots\" content=\"index, follow, max-snippet:-1, max-image-preview:large, max-video-preview:-1\" \/>\n<link rel=\"canonical\" href=\"https:\/\/echansonneriedespapes.com\/index.php\/340eme-chapitre-finale-du-championnat-de-france-de-degustation-amateur-de-la-revue-du-vin-de-france-samedi-04-juillet-2020\/\" \/>\n<meta property=\"og:locale\" content=\"fr_FR\" \/>\n<meta property=\"og:type\" content=\"article\" \/>\n<meta property=\"og:title\" content=\"340\u00e8me chapitre - \u00c9chansonnerie des Papes\" \/>\n<meta property=\"og:description\" content=\"Finale du championnat de France de d\u00e9gustation amateur de la Revue du Vin de France Samedi 04 juillet 2020 Celliers PontificauxCh\u00e2teauneuf-du-Pape Christophe BOYETVainqueur du championnat de France de d\u00e9gustation amateur par \u00e9quipe de la Revue du Vin de France Emmanuel OLIVEVainqueur du championnat de France de d\u00e9gustation amateur par \u00e9quipe de la&nbsp;Revue du Vin de&hellip; Lire la suite\" \/>\n<meta property=\"og:url\" content=\"https:\/\/echansonneriedespapes.com\/index.php\/340eme-chapitre-finale-du-championnat-de-france-de-degustation-amateur-de-la-revue-du-vin-de-france-samedi-04-juillet-2020\/\" \/>\n<meta property=\"og:site_name\" content=\"\u00c9chansonnerie des Papes\" \/>\n<meta property=\"article:modified_time\" content=\"2020-12-08T15:22:31+00:00\" \/>\n<meta property=\"og:image\" content=\"https:\/\/echansonneriedespapes.com\/wp-content\/uploads\/2020\/06\/Fichier-1-150x150.png\" \/>\n<meta name=\"twitter:card\" content=\"summary_large_image\" \/>\n<script type=\"application\/ld+json\" class=\"yoast-schema-graph\">{\"@context\":\"https:\/\/schema.org\",\"@graph\":[{\"@type\":\"WebPage\",\"@id\":\"https:\/\/echansonneriedespapes.com\/index.php\/340eme-chapitre-finale-du-championnat-de-france-de-degustation-amateur-de-la-revue-du-vin-de-france-samedi-04-juillet-2020\/\",\"url\":\"https:\/\/echansonneriedespapes.com\/index.php\/340eme-chapitre-finale-du-championnat-de-france-de-degustation-amateur-de-la-revue-du-vin-de-france-samedi-04-juillet-2020\/\",\"name\":\"340\u00e8me chapitre - \u00c9chansonnerie des Papes\",\"isPartOf\":{\"@id\":\"https:\/\/echansonneriedespapes.com\/#website\"},\"primaryImageOfPage\":{\"@id\":\"https:\/\/echansonneriedespapes.com\/index.php\/340eme-chapitre-finale-du-championnat-de-france-de-degustation-amateur-de-la-revue-du-vin-de-france-samedi-04-juillet-2020\/#primaryimage\"},\"image\":{\"@id\":\"https:\/\/echansonneriedespapes.com\/index.php\/340eme-chapitre-finale-du-championnat-de-france-de-degustation-amateur-de-la-revue-du-vin-de-france-samedi-04-juillet-2020\/#primaryimage\"},\"thumbnailUrl\":\"https:\/\/echansonneriedespapes.com\/wp-content\/uploads\/2020\/06\/Fichier-1-150x150.png\",\"datePublished\":\"2020-12-03T12:50:34+00:00\",\"dateModified\":\"2020-12-08T15:22:31+00:00\",\"breadcrumb\":{\"@id\":\"https:\/\/echansonneriedespapes.com\/index.php\/340eme-chapitre-finale-du-championnat-de-france-de-degustation-amateur-de-la-revue-du-vin-de-france-samedi-04-juillet-2020\/#breadcrumb\"},\"inLanguage\":\"fr-FR\",\"potentialAction\":[{\"@type\":\"ReadAction\",\"target\":[\"https:\/\/echansonneriedespapes.com\/index.php\/340eme-chapitre-finale-du-championnat-de-france-de-degustation-amateur-de-la-revue-du-vin-de-france-samedi-04-juillet-2020\/\"]}]},{\"@type\":\"ImageObject\",\"inLanguage\":\"fr-FR\",\"@id\":\"https:\/\/echansonneriedespapes.com\/index.php\/340eme-chapitre-finale-du-championnat-de-france-de-degustation-amateur-de-la-revue-du-vin-de-france-samedi-04-juillet-2020\/#primaryimage\",\"url\":\"https:\/\/echansonneriedespapes.com\/wp-content\/uploads\/2020\/06\/Fichier-1.png\",\"contentUrl\":\"https:\/\/echansonneriedespapes.com\/wp-content\/uploads\/2020\/06\/Fichier-1.png\",\"width\":350,\"height\":182},{\"@type\":\"BreadcrumbList\",\"@id\":\"https:\/\/echansonneriedespapes.com\/index.php\/340eme-chapitre-finale-du-championnat-de-france-de-degustation-amateur-de-la-revue-du-vin-de-france-samedi-04-juillet-2020\/#breadcrumb\",\"itemListElement\":[{\"@type\":\"ListItem\",\"position\":1,\"name\":\"Accueil\",\"item\":\"https:\/\/echansonneriedespapes.com\/\"},{\"@type\":\"ListItem\",\"position\":2,\"name\":\"340\u00e8me chapitre\"}]},{\"@type\":\"WebSite\",\"@id\":\"https:\/\/echansonneriedespapes.com\/#website\",\"url\":\"https:\/\/echansonneriedespapes.com\/\",\"name\":\"\u00c9chansonnerie des Papes\",\"description\":\"La Confr\u00e9rie Bachique de Ch\u00e2teauneuf-du-Pape\",\"publisher\":{\"@id\":\"https:\/\/echansonneriedespapes.com\/#organization\"},\"potentialAction\":[{\"@type\":\"SearchAction\",\"target\":{\"@type\":\"EntryPoint\",\"urlTemplate\":\"https:\/\/echansonneriedespapes.com\/?s={search_term_string}\"},\"query-input\":{\"@type\":\"PropertyValueSpecification\",\"valueRequired\":true,\"valueName\":\"search_term_string\"}}],\"inLanguage\":\"fr-FR\"},{\"@type\":\"Organization\",\"@id\":\"https:\/\/echansonneriedespapes.com\/#organization\",\"name\":\"\u00c9chansonnerie des Papes\",\"url\":\"https:\/\/echansonneriedespapes.com\/\",\"logo\":{\"@type\":\"ImageObject\",\"inLanguage\":\"fr-FR\",\"@id\":\"https:\/\/echansonneriedespapes.com\/#\/schema\/logo\/image\/\",\"url\":\"https:\/\/echansonneriedespapes.com\/wp-content\/uploads\/2018\/08\/cropped-logo-echansonnerie-sans-fond-4.png\",\"contentUrl\":\"https:\/\/echansonneriedespapes.com\/wp-content\/uploads\/2018\/08\/cropped-logo-echansonnerie-sans-fond-4.png\",\"width\":508,\"height\":608,\"caption\":\"\u00c9chansonnerie des Papes\"},\"image\":{\"@id\":\"https:\/\/echansonneriedespapes.com\/#\/schema\/logo\/image\/\"}}]}<\/script>\n<!-- \/ Yoast SEO plugin. -->","yoast_head_json":{"title":"340\u00e8me chapitre - \u00c9chansonnerie des Papes","robots":{"index":"index","follow":"follow","max-snippet":"max-snippet:-1","max-image-preview":"max-image-preview:large","max-video-preview":"max-video-preview:-1"},"canonical":"https:\/\/echansonneriedespapes.com\/index.php\/340eme-chapitre-finale-du-championnat-de-france-de-degustation-amateur-de-la-revue-du-vin-de-france-samedi-04-juillet-2020\/","og_locale":"fr_FR","og_type":"article","og_title":"340\u00e8me chapitre - \u00c9chansonnerie des Papes","og_description":"Finale du championnat de France de d\u00e9gustation amateur de la Revue du Vin de France Samedi 04 juillet 2020 Celliers PontificauxCh\u00e2teauneuf-du-Pape Christophe BOYETVainqueur du championnat de France de d\u00e9gustation amateur par \u00e9quipe de la Revue du Vin de France Emmanuel OLIVEVainqueur du championnat de France de d\u00e9gustation amateur par \u00e9quipe de la&nbsp;Revue du Vin de&hellip; Lire la suite","og_url":"https:\/\/echansonneriedespapes.com\/index.php\/340eme-chapitre-finale-du-championnat-de-france-de-degustation-amateur-de-la-revue-du-vin-de-france-samedi-04-juillet-2020\/","og_site_name":"\u00c9chansonnerie des Papes","article_modified_time":"2020-12-08T15:22:31+00:00","og_image":[{"url":"https:\/\/echansonneriedespapes.com\/wp-content\/uploads\/2020\/06\/Fichier-1-150x150.png"}],"twitter_card":"summary_large_image","schema":{"@context":"https:\/\/schema.org","@graph":[{"@type":"WebPage","@id":"https:\/\/echansonneriedespapes.com\/index.php\/340eme-chapitre-finale-du-championnat-de-france-de-degustation-amateur-de-la-revue-du-vin-de-france-samedi-04-juillet-2020\/","url":"https:\/\/echansonneriedespapes.com\/index.php\/340eme-chapitre-finale-du-championnat-de-france-de-degustation-amateur-de-la-revue-du-vin-de-france-samedi-04-juillet-2020\/","name":"340\u00e8me chapitre - \u00c9chansonnerie des Papes","isPartOf":{"@id":"https:\/\/echansonneriedespapes.com\/#website"},"primaryImageOfPage":{"@id":"https:\/\/echansonneriedespapes.com\/index.php\/340eme-chapitre-finale-du-championnat-de-france-de-degustation-amateur-de-la-revue-du-vin-de-france-samedi-04-juillet-2020\/#primaryimage"},"image":{"@id":"https:\/\/echansonneriedespapes.com\/index.php\/340eme-chapitre-finale-du-championnat-de-france-de-degustation-amateur-de-la-revue-du-vin-de-france-samedi-04-juillet-2020\/#primaryimage"},"thumbnailUrl":"https:\/\/echansonneriedespapes.com\/wp-content\/uploads\/2020\/06\/Fichier-1-150x150.png","datePublished":"2020-12-03T12:50:34+00:00","dateModified":"2020-12-08T15:22:31+00:00","breadcrumb":{"@id":"https:\/\/echansonneriedespapes.com\/index.php\/340eme-chapitre-finale-du-championnat-de-france-de-degustation-amateur-de-la-revue-du-vin-de-france-samedi-04-juillet-2020\/#breadcrumb"},"inLanguage":"fr-FR","potentialAction":[{"@type":"ReadAction","target":["https:\/\/echansonneriedespapes.com\/index.php\/340eme-chapitre-finale-du-championnat-de-france-de-degustation-amateur-de-la-revue-du-vin-de-france-samedi-04-juillet-2020\/"]}]},{"@type":"ImageObject","inLanguage":"fr-FR","@id":"https:\/\/echansonneriedespapes.com\/index.php\/340eme-chapitre-finale-du-championnat-de-france-de-degustation-amateur-de-la-revue-du-vin-de-france-samedi-04-juillet-2020\/#primaryimage","url":"https:\/\/echansonneriedespapes.com\/wp-content\/uploads\/2020\/06\/Fichier-1.png","contentUrl":"https:\/\/echansonneriedespapes.com\/wp-content\/uploads\/2020\/06\/Fichier-1.png","width":350,"height":182},{"@type":"BreadcrumbList","@id":"https:\/\/echansonneriedespapes.com\/index.php\/340eme-chapitre-finale-du-championnat-de-france-de-degustation-amateur-de-la-revue-du-vin-de-france-samedi-04-juillet-2020\/#breadcrumb","itemListElement":[{"@type":"ListItem","position":1,"name":"Accueil","item":"https:\/\/echansonneriedespapes.com\/"},{"@type":"ListItem","position":2,"name":"340\u00e8me chapitre"}]},{"@type":"WebSite","@id":"https:\/\/echansonneriedespapes.com\/#website","url":"https:\/\/echansonneriedespapes.com\/","name":"\u00c9chansonnerie des Papes","description":"La Confr\u00e9rie Bachique de Ch\u00e2teauneuf-du-Pape","publisher":{"@id":"https:\/\/echansonneriedespapes.com\/#organization"},"potentialAction":[{"@type":"SearchAction","target":{"@type":"EntryPoint","urlTemplate":"https:\/\/echansonneriedespapes.com\/?s={search_term_string}"},"query-input":{"@type":"PropertyValueSpecification","valueRequired":true,"valueName":"search_term_string"}}],"inLanguage":"fr-FR"},{"@type":"Organization","@id":"https:\/\/echansonneriedespapes.com\/#organization","name":"\u00c9chansonnerie des Papes","url":"https:\/\/echansonneriedespapes.com\/","logo":{"@type":"ImageObject","inLanguage":"fr-FR","@id":"https:\/\/echansonneriedespapes.com\/#\/schema\/logo\/image\/","url":"https:\/\/echansonneriedespapes.com\/wp-content\/uploads\/2018\/08\/cropped-logo-echansonnerie-sans-fond-4.png","contentUrl":"https:\/\/echansonneriedespapes.com\/wp-content\/uploads\/2018\/08\/cropped-logo-echansonnerie-sans-fond-4.png","width":508,"height":608,"caption":"\u00c9chansonnerie des Papes"},"image":{"@id":"https:\/\/echansonneriedespapes.com\/#\/schema\/logo\/image\/"}}]}},"jetpack_sharing_enabled":true,"_links":{"self":[{"href":"https:\/\/echansonneriedespapes.com\/index.php\/wp-json\/wp\/v2\/pages\/797"}],"collection":[{"href":"https:\/\/echansonneriedespapes.com\/index.php\/wp-json\/wp\/v2\/pages"}],"about":[{"href":"https:\/\/echansonneriedespapes.com\/index.php\/wp-json\/wp\/v2\/types\/page"}],"author":[{"embeddable":true,"href":"https:\/\/echansonneriedespapes.com\/index.php\/wp-json\/wp\/v2\/users\/1"}],"replies":[{"embeddable":true,"href":"https:\/\/echansonneriedespapes.com\/index.php\/wp-json\/wp\/v2\/comments?post=797"}],"version-history":[{"count":12,"href":"https:\/\/echansonneriedespapes.com\/index.php\/wp-json\/wp\/v2\/pages\/797\/revisions"}],"predecessor-version":[{"id":1208,"href":"https:\/\/echansonneriedespapes.com\/index.php\/wp-json\/wp\/v2\/pages\/797\/revisions\/1208"}],"wp:attachment":[{"href":"https:\/\/echansonneriedespapes.com\/index.php\/wp-json\/wp\/v2\/media?parent=797"}],"curies":[{"name":"wp","href":"https:\/\/api.w.org\/{rel}","templated":true}]}}