{"id":591,"date":"2020-07-22T17:09:24","date_gmt":"2020-07-22T15:09:24","guid":{"rendered":"https:\/\/echansonneriedespapes.com\/?page_id=591"},"modified":"2025-01-06T12:23:32","modified_gmt":"2025-01-06T11:23:32","slug":"les-domaines-membres","status":"publish","type":"page","link":"https:\/\/echansonneriedespapes.com\/index.php\/les-domaines-membres\/","title":{"rendered":"Les domaines membres"},"content":{"rendered":"\t\t<div data-elementor-type=\"wp-page\" data-elementor-id=\"591\" class=\"elementor elementor-591\">\n\t\t\t\t\t\t<section class=\"elementor-section elementor-top-section elementor-element elementor-element-b000edc elementor-section-boxed elementor-section-height-default elementor-section-height-default\" data-id=\"b000edc\" data-element_type=\"section\">\n\t\t\t\t\t\t<div class=\"elementor-container elementor-column-gap-default\">\n\t\t\t\t\t<div class=\"elementor-column elementor-col-100 elementor-top-column elementor-element elementor-element-d69341e\" data-id=\"d69341e\" data-element_type=\"column\">\n\t\t\t<div class=\"elementor-widget-wrap elementor-element-populated\">\n\t\t\t\t\t\t<div class=\"elementor-element elementor-element-5a28d7c elementor-widget elementor-widget-text-editor\" data-id=\"5a28d7c\" data-element_type=\"widget\" data-widget_type=\"text-editor.default\">\n\t\t\t\t<div class=\"elementor-widget-container\">\n\t\t\t\t\t\t\t<table border=\"0\" width=\"219\" cellspacing=\"0\" cellpadding=\"0\"><colgroup><col width=\"219\" \/><\/colgroup><tbody><tr><td class=\"xl63\" width=\"219\" height=\"33\">DOMAINE LES 3 CELLIER<\/td><\/tr><tr><td class=\"xl63\" height=\"33\">DOMAINE ALBIN JACUMIN<\/td><\/tr><tr><td class=\"xl63\" height=\"33\">DOMAINE ANDRE BRUNEL<\/td><\/tr><tr><td class=\"xl63\" height=\"33\">DOMAINE DU BANNERET<\/td><\/tr><tr><td class=\"xl63\" height=\"33\">DOMAINE BARON DE MONTFAUCON<\/td><\/tr><tr><td height=\"33\">DOMAINE DE LA BARROCHE<\/td><\/tr><tr><td class=\"xl63\" height=\"33\">CH\u00c2TEAU DE BEAUCASTEL<\/td><\/tr><tr><td class=\"xl63\" height=\"33\">CH\u00c2TEAU BEAUCH\u00caNE<\/td><\/tr><tr><td class=\"xl63\" height=\"33\">DOMAINE DE BEAURENARD<\/td><\/tr><tr><td class=\"xl63\" height=\"33\">DOMAINE BERTHET RAYNE<\/td><\/tr><tr><td class=\"xl63\" height=\"33\">DOMAINE BOSQUET DES PAPES<\/td><\/tr><tr><td class=\"xl63\" height=\"33\">MAISON BROTTE<\/td><\/tr><tr><td height=\"33\">CLOS DU CALVAIRE<\/td><\/tr><tr><td class=\"xl63\" height=\"33\">DOMAINE LA C\u00c9LESTI\u00c8RE<\/td><\/tr><tr><td class=\"xl63\" height=\"33\">DOMAINE CHANTE CIGALE<\/td><\/tr><tr><td height=\"33\">MAISON CHAPOUTIER<\/td><\/tr><tr><td class=\"xl63\" height=\"33\">DOMAINE DE LA CHARBONNI\u00c8RE<\/td><\/tr><tr><td class=\"xl63\" height=\"33\">DOMAINE CHARVIN<\/td><\/tr><tr><td height=\"33\">DOMAINE DURIEU<\/td><\/tr><tr><td class=\"xl63\" height=\"33\">DOMAINE EDDIE FERAUD<\/td><\/tr><tr><td class=\"xl63\" height=\"33\">CH\u00c2TEAU DES FINES ROCHES<\/td><\/tr><tr><td height=\"33\">CH\u00c2TEAU DE LA FONT DU LOUP<\/td><\/tr><tr><td height=\"33\">CH\u00c2TEAU FORTIA<\/td><\/tr><tr><td class=\"xl63\" height=\"33\">CHATEAU DE LA GARDINE<\/td><\/tr><tr><td class=\"xl63\" height=\"33\">CH\u00c2TEAU GIGOGNAN<\/td><\/tr><tr><td height=\"33\">LES GRANDES SERRES<\/td><\/tr><tr><td class=\"xl63\" height=\"33\">DOMAINE DU GRAND TINEL<\/td><\/tr><tr><td class=\"xl63\" height=\"33\">CH\u00c2TEAU JAS DE BRESSY<\/td><\/tr><tr><td class=\"xl63\" height=\"33\">DOMAINE DE MARCOUX<\/td><\/tr><tr><td height=\"33\">CH\u00c2TEAU MAUCOIL<\/td><\/tr><tr><td height=\"33\">CLOS MONT-OLIVET<\/td><\/tr><tr><td class=\"xl63\" height=\"33\">CH\u00c2TEAU MONT-REDON<\/td><\/tr><tr><td height=\"33\">CH\u00c2TEAU DE NALYS<\/td><\/tr><tr><td height=\"33\">CH\u00c2TEAU LA NERTHE<\/td><\/tr><tr><td class=\"xl63\" height=\"33\">MAISON OGIER<\/td><\/tr><tr><td class=\"xl63\" height=\"33\">DOMAINE L&rsquo;OR DE LINE<\/td><\/tr><tr><td height=\"33\">CLOS DES PAPES<\/td><\/tr><tr><td height=\"33\">DOMAINE PIERRE USSEGLIO<\/td><\/tr><tr><td class=\"xl63\" height=\"33\">DOMAINE LE PRIEUR\u00c9 DES PAPES<\/td><\/tr><tr><td height=\"33\">DOMAINE ROGER PERRIN<\/td><\/tr><tr><td class=\"xl63\" height=\"33\">DOMAINE LA ROQUETTE<\/td><\/tr><tr><td class=\"xl63\" height=\"33\">CLOS SAINT-JEAN<\/td><\/tr><tr><td height=\"33\">CH\u00c2TEAU SAINT-JEAN<\/td><\/tr><tr><td class=\"xl63\" height=\"33\">CLOS SAINT-PAUL<\/td><\/tr><tr><td class=\"xl63\" height=\"33\">DOMAINE DE SAINT-PREFERT<\/td><\/tr><tr><td class=\"xl63\" height=\"33\">DOMAINE SAINT-SIFFREIN<\/td><\/tr><tr><td height=\"33\">DOMAINE DES SENECHAUX<\/td><\/tr><tr><td class=\"xl63\" height=\"33\">DOMAINE TOUR SAINT-MICHEL<\/td><\/tr><tr><td class=\"xl63\" height=\"33\">DOMAINE DU VIEUX TELEGRAPHE<\/td><\/tr><\/tbody><\/table>\t\t\t\t\t\t<\/div>\n\t\t\t\t<\/div>\n\t\t\t\t\t<\/div>\n\t\t<\/div>\n\t\t\t\t\t<\/div>\n\t\t<\/section>\n\t\t\t\t<\/div>\n\t\t","protected":false},"excerpt":{"rendered":"<p>DOMAINE LES 3 CELLIER DOMAINE ALBIN JACUMIN DOMAINE ANDRE BRUNEL DOMAINE DU BANNERET DOMAINE BARON DE MONTFAUCON DOMAINE DE LA BARROCHE CH\u00c2TEAU DE BEAUCASTEL CH\u00c2TEAU BEAUCH\u00caNE DOMAINE DE BEAURENARD DOMAINE BERTHET RAYNE DOMAINE BOSQUET DES PAPES MAISON BROTTE CLOS DU CALVAIRE DOMAINE LA C\u00c9LESTI\u00c8RE DOMAINE CHANTE CIGALE MAISON CHAPOUTIER DOMAINE DE LA CHARBONNI\u00c8RE DOMAINE CHARVIN&hellip; <br \/> <a class=\"read-more\" href=\"https:\/\/echansonneriedespapes.com\/index.php\/les-domaines-membres\/\">Lire la suite<\/a><\/p>\n","protected":false},"author":1,"featured_media":0,"parent":0,"menu_order":0,"comment_status":"closed","ping_status":"closed","template":"","meta":{"footnotes":""},"class_list":["post-591","page","type-page","status-publish","hentry"],"yoast_head":"<!-- This site is optimized with the Yoast SEO plugin v23.4 - https:\/\/yoast.com\/wordpress\/plugins\/seo\/ -->\n<title>Les domaines membres - \u00c9chansonnerie des Papes<\/title>\n<meta name=\"robots\" content=\"index, follow, max-snippet:-1, max-image-preview:large, max-video-preview:-1\" \/>\n<link rel=\"canonical\" href=\"https:\/\/echansonneriedespapes.com\/index.php\/les-domaines-membres\/\" \/>\n<meta property=\"og:locale\" content=\"fr_FR\" \/>\n<meta property=\"og:type\" content=\"article\" \/>\n<meta property=\"og:title\" content=\"Les domaines membres - \u00c9chansonnerie des Papes\" \/>\n<meta property=\"og:description\" content=\"DOMAINE LES 3 CELLIER DOMAINE ALBIN JACUMIN DOMAINE ANDRE BRUNEL DOMAINE DU BANNERET DOMAINE BARON DE MONTFAUCON DOMAINE DE LA BARROCHE CH\u00c2TEAU DE BEAUCASTEL CH\u00c2TEAU BEAUCH\u00caNE DOMAINE DE BEAURENARD DOMAINE BERTHET RAYNE DOMAINE BOSQUET DES PAPES MAISON BROTTE CLOS DU CALVAIRE DOMAINE LA C\u00c9LESTI\u00c8RE DOMAINE CHANTE CIGALE MAISON CHAPOUTIER DOMAINE DE LA CHARBONNI\u00c8RE DOMAINE CHARVIN&hellip; Lire la suite\" \/>\n<meta property=\"og:url\" content=\"https:\/\/echansonneriedespapes.com\/index.php\/les-domaines-membres\/\" \/>\n<meta property=\"og:site_name\" content=\"\u00c9chansonnerie des Papes\" \/>\n<meta property=\"article:modified_time\" content=\"2025-01-06T11:23:32+00:00\" \/>\n<meta name=\"twitter:card\" content=\"summary_large_image\" \/>\n<meta name=\"twitter:label1\" content=\"Dur\u00e9e de lecture estim\u00e9e\" \/>\n\t<meta name=\"twitter:data1\" content=\"1 minute\" \/>\n<script type=\"application\/ld+json\" class=\"yoast-schema-graph\">{\"@context\":\"https:\/\/schema.org\",\"@graph\":[{\"@type\":\"WebPage\",\"@id\":\"https:\/\/echansonneriedespapes.com\/index.php\/les-domaines-membres\/\",\"url\":\"https:\/\/echansonneriedespapes.com\/index.php\/les-domaines-membres\/\",\"name\":\"Les domaines membres - \u00c9chansonnerie des Papes\",\"isPartOf\":{\"@id\":\"https:\/\/echansonneriedespapes.com\/#website\"},\"datePublished\":\"2020-07-22T15:09:24+00:00\",\"dateModified\":\"2025-01-06T11:23:32+00:00\",\"breadcrumb\":{\"@id\":\"https:\/\/echansonneriedespapes.com\/index.php\/les-domaines-membres\/#breadcrumb\"},\"inLanguage\":\"fr-FR\",\"potentialAction\":[{\"@type\":\"ReadAction\",\"target\":[\"https:\/\/echansonneriedespapes.com\/index.php\/les-domaines-membres\/\"]}]},{\"@type\":\"BreadcrumbList\",\"@id\":\"https:\/\/echansonneriedespapes.com\/index.php\/les-domaines-membres\/#breadcrumb\",\"itemListElement\":[{\"@type\":\"ListItem\",\"position\":1,\"name\":\"Accueil\",\"item\":\"https:\/\/echansonneriedespapes.com\/\"},{\"@type\":\"ListItem\",\"position\":2,\"name\":\"Les domaines membres\"}]},{\"@type\":\"WebSite\",\"@id\":\"https:\/\/echansonneriedespapes.com\/#website\",\"url\":\"https:\/\/echansonneriedespapes.com\/\",\"name\":\"\u00c9chansonnerie des Papes\",\"description\":\"La Confr\u00e9rie Bachique de Ch\u00e2teauneuf-du-Pape\",\"publisher\":{\"@id\":\"https:\/\/echansonneriedespapes.com\/#organization\"},\"potentialAction\":[{\"@type\":\"SearchAction\",\"target\":{\"@type\":\"EntryPoint\",\"urlTemplate\":\"https:\/\/echansonneriedespapes.com\/?s={search_term_string}\"},\"query-input\":{\"@type\":\"PropertyValueSpecification\",\"valueRequired\":true,\"valueName\":\"search_term_string\"}}],\"inLanguage\":\"fr-FR\"},{\"@type\":\"Organization\",\"@id\":\"https:\/\/echansonneriedespapes.com\/#organization\",\"name\":\"\u00c9chansonnerie des Papes\",\"url\":\"https:\/\/echansonneriedespapes.com\/\",\"logo\":{\"@type\":\"ImageObject\",\"inLanguage\":\"fr-FR\",\"@id\":\"https:\/\/echansonneriedespapes.com\/#\/schema\/logo\/image\/\",\"url\":\"https:\/\/echansonneriedespapes.com\/wp-content\/uploads\/2018\/08\/cropped-logo-echansonnerie-sans-fond-4.png\",\"contentUrl\":\"https:\/\/echansonneriedespapes.com\/wp-content\/uploads\/2018\/08\/cropped-logo-echansonnerie-sans-fond-4.png\",\"width\":508,\"height\":608,\"caption\":\"\u00c9chansonnerie des Papes\"},\"image\":{\"@id\":\"https:\/\/echansonneriedespapes.com\/#\/schema\/logo\/image\/\"}}]}<\/script>\n<!-- \/ Yoast SEO plugin. -->","yoast_head_json":{"title":"Les domaines membres - \u00c9chansonnerie des Papes","robots":{"index":"index","follow":"follow","max-snippet":"max-snippet:-1","max-image-preview":"max-image-preview:large","max-video-preview":"max-video-preview:-1"},"canonical":"https:\/\/echansonneriedespapes.com\/index.php\/les-domaines-membres\/","og_locale":"fr_FR","og_type":"article","og_title":"Les domaines membres - \u00c9chansonnerie des Papes","og_description":"DOMAINE LES 3 CELLIER DOMAINE ALBIN JACUMIN DOMAINE ANDRE BRUNEL DOMAINE DU BANNERET DOMAINE BARON DE MONTFAUCON DOMAINE DE LA BARROCHE CH\u00c2TEAU DE BEAUCASTEL CH\u00c2TEAU BEAUCH\u00caNE DOMAINE DE BEAURENARD DOMAINE BERTHET RAYNE DOMAINE BOSQUET DES PAPES MAISON BROTTE CLOS DU CALVAIRE DOMAINE LA C\u00c9LESTI\u00c8RE DOMAINE CHANTE CIGALE MAISON CHAPOUTIER DOMAINE DE LA CHARBONNI\u00c8RE DOMAINE CHARVIN&hellip; Lire la suite","og_url":"https:\/\/echansonneriedespapes.com\/index.php\/les-domaines-membres\/","og_site_name":"\u00c9chansonnerie des Papes","article_modified_time":"2025-01-06T11:23:32+00:00","twitter_card":"summary_large_image","twitter_misc":{"Dur\u00e9e de lecture estim\u00e9e":"1 minute"},"schema":{"@context":"https:\/\/schema.org","@graph":[{"@type":"WebPage","@id":"https:\/\/echansonneriedespapes.com\/index.php\/les-domaines-membres\/","url":"https:\/\/echansonneriedespapes.com\/index.php\/les-domaines-membres\/","name":"Les domaines membres - \u00c9chansonnerie des Papes","isPartOf":{"@id":"https:\/\/echansonneriedespapes.com\/#website"},"datePublished":"2020-07-22T15:09:24+00:00","dateModified":"2025-01-06T11:23:32+00:00","breadcrumb":{"@id":"https:\/\/echansonneriedespapes.com\/index.php\/les-domaines-membres\/#breadcrumb"},"inLanguage":"fr-FR","potentialAction":[{"@type":"ReadAction","target":["https:\/\/echansonneriedespapes.com\/index.php\/les-domaines-membres\/"]}]},{"@type":"BreadcrumbList","@id":"https:\/\/echansonneriedespapes.com\/index.php\/les-domaines-membres\/#breadcrumb","itemListElement":[{"@type":"ListItem","position":1,"name":"Accueil","item":"https:\/\/echansonneriedespapes.com\/"},{"@type":"ListItem","position":2,"name":"Les domaines membres"}]},{"@type":"WebSite","@id":"https:\/\/echansonneriedespapes.com\/#website","url":"https:\/\/echansonneriedespapes.com\/","name":"\u00c9chansonnerie des Papes","description":"La Confr\u00e9rie Bachique de Ch\u00e2teauneuf-du-Pape","publisher":{"@id":"https:\/\/echansonneriedespapes.com\/#organization"},"potentialAction":[{"@type":"SearchAction","target":{"@type":"EntryPoint","urlTemplate":"https:\/\/echansonneriedespapes.com\/?s={search_term_string}"},"query-input":{"@type":"PropertyValueSpecification","valueRequired":true,"valueName":"search_term_string"}}],"inLanguage":"fr-FR"},{"@type":"Organization","@id":"https:\/\/echansonneriedespapes.com\/#organization","name":"\u00c9chansonnerie des Papes","url":"https:\/\/echansonneriedespapes.com\/","logo":{"@type":"ImageObject","inLanguage":"fr-FR","@id":"https:\/\/echansonneriedespapes.com\/#\/schema\/logo\/image\/","url":"https:\/\/echansonneriedespapes.com\/wp-content\/uploads\/2018\/08\/cropped-logo-echansonnerie-sans-fond-4.png","contentUrl":"https:\/\/echansonneriedespapes.com\/wp-content\/uploads\/2018\/08\/cropped-logo-echansonnerie-sans-fond-4.png","width":508,"height":608,"caption":"\u00c9chansonnerie des Papes"},"image":{"@id":"https:\/\/echansonneriedespapes.com\/#\/schema\/logo\/image\/"}}]}},"jetpack_sharing_enabled":true,"_links":{"self":[{"href":"https:\/\/echansonneriedespapes.com\/index.php\/wp-json\/wp\/v2\/pages\/591"}],"collection":[{"href":"https:\/\/echansonneriedespapes.com\/index.php\/wp-json\/wp\/v2\/pages"}],"about":[{"href":"https:\/\/echansonneriedespapes.com\/index.php\/wp-json\/wp\/v2\/types\/page"}],"author":[{"embeddable":true,"href":"https:\/\/echansonneriedespapes.com\/index.php\/wp-json\/wp\/v2\/users\/1"}],"replies":[{"embeddable":true,"href":"https:\/\/echansonneriedespapes.com\/index.php\/wp-json\/wp\/v2\/comments?post=591"}],"version-history":[{"count":5,"href":"https:\/\/echansonneriedespapes.com\/index.php\/wp-json\/wp\/v2\/pages\/591\/revisions"}],"predecessor-version":[{"id":2059,"href":"https:\/\/echansonneriedespapes.com\/index.php\/wp-json\/wp\/v2\/pages\/591\/revisions\/2059"}],"wp:attachment":[{"href":"https:\/\/echansonneriedespapes.com\/index.php\/wp-json\/wp\/v2\/media?parent=591"}],"curies":[{"name":"wp","href":"https:\/\/api.w.org\/{rel}","templated":true}]}}