{"id":356,"date":"2020-05-12T15:01:11","date_gmt":"2020-05-12T13:01:11","guid":{"rendered":"https:\/\/echansonneriedespapes.com\/?page_id=356"},"modified":"2020-07-22T17:13:55","modified_gmt":"2020-07-22T15:13:55","slug":"mentions-legales","status":"publish","type":"page","link":"https:\/\/echansonneriedespapes.com\/index.php\/mentions-legales\/","title":{"rendered":"Mentions l\u00e9gales"},"content":{"rendered":"\t\t<div data-elementor-type=\"wp-page\" data-elementor-id=\"356\" class=\"elementor elementor-356\">\n\t\t\t\t\t\t<section class=\"elementor-section elementor-top-section elementor-element elementor-element-c76b976 elementor-section-boxed elementor-section-height-default elementor-section-height-default\" data-id=\"c76b976\" data-element_type=\"section\">\n\t\t\t\t\t\t<div class=\"elementor-container elementor-column-gap-default\">\n\t\t\t\t\t<div class=\"elementor-column elementor-col-100 elementor-top-column elementor-element elementor-element-d439850\" data-id=\"d439850\" data-element_type=\"column\">\n\t\t\t<div class=\"elementor-widget-wrap elementor-element-populated\">\n\t\t\t\t\t\t<div class=\"elementor-element elementor-element-7b992ad elementor-widget elementor-widget-text-editor\" data-id=\"7b992ad\" data-element_type=\"widget\" data-widget_type=\"text-editor.default\">\n\t\t\t\t<div class=\"elementor-widget-container\">\n\t\t\t\t\t\t\t<p><strong>MENTIONS L\u00c9GALES, CONFR\u00c9RIE BACHIQUE \u00ab\u00a0L\u2019\u00c9CHANSONNERIE DES PAPES\u00a0\u00bb<\/strong><\/p><p>19 mars 2020<\/p><p>\u00a0<\/p><p><strong>INFORMATIONS L\u00c9GALES<\/strong><\/p><p>L\u2019\u00c9chansonnerie des Papes<\/p><p>BP 49 &#8211; 25 Avenue du G\u00e9n\u00e9ral de Gaulle<\/p><p>84231 Ch\u00e2teauneuf-du-Pape<\/p><p>Standard t\u00e9l\u00e9phonique : 04 28 70 38 27<\/p><p>E-Mail :\u00a0contact@echansonneriedespapes.com<\/p><p>Responsable du site : SAS Sky Event, 25 avenue G\u00e9n\u00e9ral de Gaulle 84230 CH\u00c2TEAUNEUF-DU-PAPE<\/p><p>\u00a0<\/p><p><strong>AGE LEGAL POUR LA CONSOMMATION D&rsquo;ALCOOL<\/strong><\/p><p>Pour pouvoir consulter ce site, vous devez avoir l&rsquo;\u00e2ge l\u00e9gal fix\u00e9 par la loi de votre pays pour la consommation d&rsquo;alcool &#8211; si ce n&rsquo;est pas le cas, veuillez quitter ce site.<\/p><p>\u00a0<\/p><p><strong>TERRITOIRES FAISANT L&rsquo;OBJET D&rsquo;UNE RESTRICTION<\/strong><\/p><p>Dans certains pays, il est interdit de consulter un site comme le n\u00f4tre car la l\u00e9gislation locale restreint la vente et\/ou la promotion de boissons alcoolis\u00e9es. Si vous consultez ce site depuis un pays o\u00f9 de telles restrictions s&rsquo;appliquent, d\u00e9connectez-vous imm\u00e9diatement. Si vous ne connaissez pas les dispositions de la loi de votre pays \u00e0 ce sujet, nous vous recommandons de quitter ce site et de consulter vos droits avant de continuer.<\/p><p>\u00a0<\/p><p><strong>CONTENUS<\/strong><\/p><p>La confr\u00e9rie bachique \u00ab L\u2019\u00c9chansonnerie des Papes \u00bb s&rsquo;efforce au mieux de fournir sur son site Internet des informations exactes et pr\u00e9cises.<\/p><p>Les informations diffus\u00e9es sur ce site Internet ne sont n\u00e9anmoins fournies qu&rsquo;\u00e0 titre indicatif et ne rev\u00eatent aucun caract\u00e8re contractuel. La confr\u00e9rie bachique \u00ab L\u2019\u00c9chansonnerie des Papes \u00bb ne peut en effet parfaitement garantir l&rsquo;exactitude, la pr\u00e9cision ou l&rsquo;exhaustivit\u00e9 des informations mises \u00e0 disposition sur ce site.<\/p><p>En cons\u00e9quence, La confr\u00e9rie bachique \u00ab L\u2019\u00c9chansonnerie des Papes \u00bb exclue toute responsabilit\u00e9 :<\/p><ul><li>Pour toute impr\u00e9cision, inexactitude ou omission portant sur des informations disponibles sur le site ;<\/li><li>Pour tous dommages, directs et\/ou indirects, quelles qu&rsquo;en soient les causes, origines, natures ou cons\u00e9quences, provoqu\u00e9s \u00e0 raison de l&rsquo;acc\u00e8s de quiconque au site ou de l&rsquo;impossibilit\u00e9 d&rsquo;y acc\u00e9der, de m\u00eame que l&rsquo;utilisation du site et\/ou du cr\u00e9dit accord\u00e9 \u00e0 une quelconque information provenant directement ou indirectement du site.<\/li><\/ul><p>La confr\u00e9rie bachique \u00ab L\u2019\u00c9chansonnerie des Papes \u00bb se r\u00e9serve le droit de modifier ou de corriger le contenu de son site \u00e0 tout moment sans pr\u00e9avis.<\/p><p>La confr\u00e9rie bachique \u00ab L\u2019\u00c9chansonnerie des Papes \u00bb ne saurait \u00eatre tenue pour responsable des dommages susceptibles de r\u00e9sulter de l&rsquo;utilisation des informations diffus\u00e9es sur ce site Internet et \/ ou de l&rsquo;utilisation d&rsquo;un produit auquel ces informations font r\u00e9f\u00e9rence. Il appartient \u00e0 l&rsquo;utilisateur de v\u00e9rifier l&rsquo;exactitude des informations fournies ainsi que leur utilisation.<\/p><p>\u00a0<\/p><p><strong>PROPRIETE INTELLECTUELLE \/ RESPECT DES DROITS D&rsquo;AUTEUR<\/strong><\/p><p>L&rsquo;ensemble de ce site rel\u00e8ve de la l\u00e9gislation fran\u00e7aise et internationale sur le droit d&rsquo;auteur et la propri\u00e9t\u00e9 intellectuelle. L&rsquo;acc\u00e8s \u00e0 notre site vous conf\u00e8re un droit d&rsquo;usage priv\u00e9 et non exclusif de ce site. L&rsquo;ensemble des \u00e9l\u00e9ments \u00e9dit\u00e9s sur ce site, incluant notamment les textes, photographies, infographies, logos, marques constituent des \u0153uvres au sens du code de la Propri\u00e9t\u00e9 Intellectuelle. En cons\u00e9quence, toute repr\u00e9sentation ou reproduction, int\u00e9grale ou partielle, qui pourrait \u00eatre faite sans le consentement de leurs auteurs ou de leurs ayants-droit, est illicite.<\/p><p>Agence en charge de la r\u00e9alisation : http:\/\/skyevent.fr<\/p><p>\u00a0<\/p><p><strong>LIENS VERS D&rsquo;AUTRES SITES<\/strong><\/p><p>Les sites propos\u00e9s sous forme de liens sur le site web de la confr\u00e9rie bachique\u00a0: \u00ab\u00a0L\u2019\u00c9chansonnerie des Papes\u00a0\u00bb sont cr\u00e9\u00e9s par des soci\u00e9t\u00e9s ou des personnes sur lesquelles la confr\u00e9rie bachique \u00ab L\u2019\u00c9chansonnerie des Papes \u00bb n&rsquo;a aucun pouvoir. La confr\u00e9rie bachique \u00ab L\u2019\u00c9chansonnerie des Papes \u00bb ne peut \u00eatre tenu responsable du contenu de ces sites et de l&rsquo;usage qui pourra en \u00eatre fait par les utilisateurs.<\/p><p>Tout lien simple et\/ou profond ou \u00ab\u00a0framing\u00a0\u00bb \u00e0 destination du de la confr\u00e9rie bachique \u00ab\u00a0L\u2019\u00c9chansonnerie des Papes\u00a0\u00bb est strictement interdit et en cons\u00e9quence, aucun \u00e9l\u00e9ment figurant sur une page du site internet de la confr\u00e9rie bachique\u00a0: \u00ab\u00a0L\u2019\u00c9chansonnerie des Papes\u00a0\u00bb ne peut \u00eatre partiellement ou totalement diffus\u00e9, transf\u00e9r\u00e9 ou ins\u00e9r\u00e9 sur un autre site Internet, ni servir \u00e0 cr\u00e9er des produits d\u00e9riv\u00e9s.<\/p><p>\u00a0<\/p><p><strong>RESPECT DE LA VIE PRIV\u00c9E<\/strong><\/p><p>La confr\u00e9rie bachique \u00ab L\u2019\u00c9chansonnerie des Papes \u00bb se pr\u00e9occupe du respect de la vie priv\u00e9e et s&rsquo;engage \u00e0 prot\u00e9ger vos donn\u00e9es personnelles.<\/p><p>Vous pouvez consulter nos RGPD directement sur le site internet de la confr\u00e9rie bachique\u00a0: \u00ab\u00a0L\u2019\u00c9chansonnerie des Papes\u00a0\u00bb.<\/p><p>\u00a0<\/p>\t\t\t\t\t\t<\/div>\n\t\t\t\t<\/div>\n\t\t\t\t\t<\/div>\n\t\t<\/div>\n\t\t\t\t\t<\/div>\n\t\t<\/section>\n\t\t\t\t<\/div>\n\t\t","protected":false},"excerpt":{"rendered":"<p>MENTIONS L\u00c9GALES, CONFR\u00c9RIE BACHIQUE \u00ab\u00a0L\u2019\u00c9CHANSONNERIE DES PAPES\u00a0\u00bb 19 mars 2020 \u00a0 INFORMATIONS L\u00c9GALES L\u2019\u00c9chansonnerie des Papes BP 49 &#8211; 25 Avenue du G\u00e9n\u00e9ral de Gaulle 84231 Ch\u00e2teauneuf-du-Pape Standard t\u00e9l\u00e9phonique : 04 28 70 38 27 E-Mail :\u00a0contact@echansonneriedespapes.com Responsable du site : SAS Sky Event, 25 avenue G\u00e9n\u00e9ral de Gaulle 84230 CH\u00c2TEAUNEUF-DU-PAPE \u00a0 AGE LEGAL POUR&hellip; <br \/> <a class=\"read-more\" href=\"https:\/\/echansonneriedespapes.com\/index.php\/mentions-legales\/\">Lire la suite<\/a><\/p>\n","protected":false},"author":1,"featured_media":0,"parent":0,"menu_order":0,"comment_status":"closed","ping_status":"closed","template":"","meta":{"footnotes":""},"class_list":["post-356","page","type-page","status-publish","hentry"],"yoast_head":"<!-- This site is optimized with the Yoast SEO plugin v23.4 - https:\/\/yoast.com\/wordpress\/plugins\/seo\/ -->\n<title>Mentions l\u00e9gales - \u00c9chansonnerie des Papes<\/title>\n<meta name=\"robots\" content=\"index, follow, max-snippet:-1, max-image-preview:large, max-video-preview:-1\" \/>\n<link rel=\"canonical\" href=\"https:\/\/echansonneriedespapes.com\/index.php\/mentions-legales\/\" \/>\n<meta property=\"og:locale\" content=\"fr_FR\" \/>\n<meta property=\"og:type\" content=\"article\" \/>\n<meta property=\"og:title\" content=\"Mentions l\u00e9gales - \u00c9chansonnerie des Papes\" \/>\n<meta property=\"og:description\" content=\"MENTIONS L\u00c9GALES, CONFR\u00c9RIE BACHIQUE \u00ab\u00a0L\u2019\u00c9CHANSONNERIE DES PAPES\u00a0\u00bb 19 mars 2020 \u00a0 INFORMATIONS L\u00c9GALES L\u2019\u00c9chansonnerie des Papes BP 49 &#8211; 25 Avenue du G\u00e9n\u00e9ral de Gaulle 84231 Ch\u00e2teauneuf-du-Pape Standard t\u00e9l\u00e9phonique : 04 28 70 38 27 E-Mail :\u00a0contact@echansonneriedespapes.com Responsable du site : SAS Sky Event, 25 avenue G\u00e9n\u00e9ral de Gaulle 84230 CH\u00c2TEAUNEUF-DU-PAPE \u00a0 AGE LEGAL POUR&hellip; Lire la suite\" \/>\n<meta property=\"og:url\" content=\"https:\/\/echansonneriedespapes.com\/index.php\/mentions-legales\/\" \/>\n<meta property=\"og:site_name\" content=\"\u00c9chansonnerie des Papes\" \/>\n<meta property=\"article:modified_time\" content=\"2020-07-22T15:13:55+00:00\" \/>\n<meta name=\"twitter:card\" content=\"summary_large_image\" \/>\n<meta name=\"twitter:label1\" content=\"Dur\u00e9e de lecture estim\u00e9e\" \/>\n\t<meta name=\"twitter:data1\" content=\"4 minutes\" \/>\n<script type=\"application\/ld+json\" class=\"yoast-schema-graph\">{\"@context\":\"https:\/\/schema.org\",\"@graph\":[{\"@type\":\"WebPage\",\"@id\":\"https:\/\/echansonneriedespapes.com\/index.php\/mentions-legales\/\",\"url\":\"https:\/\/echansonneriedespapes.com\/index.php\/mentions-legales\/\",\"name\":\"Mentions l\u00e9gales - \u00c9chansonnerie des Papes\",\"isPartOf\":{\"@id\":\"https:\/\/echansonneriedespapes.com\/#website\"},\"datePublished\":\"2020-05-12T13:01:11+00:00\",\"dateModified\":\"2020-07-22T15:13:55+00:00\",\"breadcrumb\":{\"@id\":\"https:\/\/echansonneriedespapes.com\/index.php\/mentions-legales\/#breadcrumb\"},\"inLanguage\":\"fr-FR\",\"potentialAction\":[{\"@type\":\"ReadAction\",\"target\":[\"https:\/\/echansonneriedespapes.com\/index.php\/mentions-legales\/\"]}]},{\"@type\":\"BreadcrumbList\",\"@id\":\"https:\/\/echansonneriedespapes.com\/index.php\/mentions-legales\/#breadcrumb\",\"itemListElement\":[{\"@type\":\"ListItem\",\"position\":1,\"name\":\"Accueil\",\"item\":\"https:\/\/echansonneriedespapes.com\/\"},{\"@type\":\"ListItem\",\"position\":2,\"name\":\"Mentions l\u00e9gales\"}]},{\"@type\":\"WebSite\",\"@id\":\"https:\/\/echansonneriedespapes.com\/#website\",\"url\":\"https:\/\/echansonneriedespapes.com\/\",\"name\":\"\u00c9chansonnerie des Papes\",\"description\":\"La Confr\u00e9rie Bachique de Ch\u00e2teauneuf-du-Pape\",\"publisher\":{\"@id\":\"https:\/\/echansonneriedespapes.com\/#organization\"},\"potentialAction\":[{\"@type\":\"SearchAction\",\"target\":{\"@type\":\"EntryPoint\",\"urlTemplate\":\"https:\/\/echansonneriedespapes.com\/?s={search_term_string}\"},\"query-input\":{\"@type\":\"PropertyValueSpecification\",\"valueRequired\":true,\"valueName\":\"search_term_string\"}}],\"inLanguage\":\"fr-FR\"},{\"@type\":\"Organization\",\"@id\":\"https:\/\/echansonneriedespapes.com\/#organization\",\"name\":\"\u00c9chansonnerie des Papes\",\"url\":\"https:\/\/echansonneriedespapes.com\/\",\"logo\":{\"@type\":\"ImageObject\",\"inLanguage\":\"fr-FR\",\"@id\":\"https:\/\/echansonneriedespapes.com\/#\/schema\/logo\/image\/\",\"url\":\"https:\/\/echansonneriedespapes.com\/wp-content\/uploads\/2018\/08\/cropped-logo-echansonnerie-sans-fond-4.png\",\"contentUrl\":\"https:\/\/echansonneriedespapes.com\/wp-content\/uploads\/2018\/08\/cropped-logo-echansonnerie-sans-fond-4.png\",\"width\":508,\"height\":608,\"caption\":\"\u00c9chansonnerie des Papes\"},\"image\":{\"@id\":\"https:\/\/echansonneriedespapes.com\/#\/schema\/logo\/image\/\"}}]}<\/script>\n<!-- \/ Yoast SEO plugin. -->","yoast_head_json":{"title":"Mentions l\u00e9gales - \u00c9chansonnerie des Papes","robots":{"index":"index","follow":"follow","max-snippet":"max-snippet:-1","max-image-preview":"max-image-preview:large","max-video-preview":"max-video-preview:-1"},"canonical":"https:\/\/echansonneriedespapes.com\/index.php\/mentions-legales\/","og_locale":"fr_FR","og_type":"article","og_title":"Mentions l\u00e9gales - \u00c9chansonnerie des Papes","og_description":"MENTIONS L\u00c9GALES, CONFR\u00c9RIE BACHIQUE \u00ab\u00a0L\u2019\u00c9CHANSONNERIE DES PAPES\u00a0\u00bb 19 mars 2020 \u00a0 INFORMATIONS L\u00c9GALES L\u2019\u00c9chansonnerie des Papes BP 49 &#8211; 25 Avenue du G\u00e9n\u00e9ral de Gaulle 84231 Ch\u00e2teauneuf-du-Pape Standard t\u00e9l\u00e9phonique : 04 28 70 38 27 E-Mail :\u00a0contact@echansonneriedespapes.com Responsable du site : SAS Sky Event, 25 avenue G\u00e9n\u00e9ral de Gaulle 84230 CH\u00c2TEAUNEUF-DU-PAPE \u00a0 AGE LEGAL POUR&hellip; Lire la suite","og_url":"https:\/\/echansonneriedespapes.com\/index.php\/mentions-legales\/","og_site_name":"\u00c9chansonnerie des Papes","article_modified_time":"2020-07-22T15:13:55+00:00","twitter_card":"summary_large_image","twitter_misc":{"Dur\u00e9e de lecture estim\u00e9e":"4 minutes"},"schema":{"@context":"https:\/\/schema.org","@graph":[{"@type":"WebPage","@id":"https:\/\/echansonneriedespapes.com\/index.php\/mentions-legales\/","url":"https:\/\/echansonneriedespapes.com\/index.php\/mentions-legales\/","name":"Mentions l\u00e9gales - \u00c9chansonnerie des Papes","isPartOf":{"@id":"https:\/\/echansonneriedespapes.com\/#website"},"datePublished":"2020-05-12T13:01:11+00:00","dateModified":"2020-07-22T15:13:55+00:00","breadcrumb":{"@id":"https:\/\/echansonneriedespapes.com\/index.php\/mentions-legales\/#breadcrumb"},"inLanguage":"fr-FR","potentialAction":[{"@type":"ReadAction","target":["https:\/\/echansonneriedespapes.com\/index.php\/mentions-legales\/"]}]},{"@type":"BreadcrumbList","@id":"https:\/\/echansonneriedespapes.com\/index.php\/mentions-legales\/#breadcrumb","itemListElement":[{"@type":"ListItem","position":1,"name":"Accueil","item":"https:\/\/echansonneriedespapes.com\/"},{"@type":"ListItem","position":2,"name":"Mentions l\u00e9gales"}]},{"@type":"WebSite","@id":"https:\/\/echansonneriedespapes.com\/#website","url":"https:\/\/echansonneriedespapes.com\/","name":"\u00c9chansonnerie des Papes","description":"La Confr\u00e9rie Bachique de Ch\u00e2teauneuf-du-Pape","publisher":{"@id":"https:\/\/echansonneriedespapes.com\/#organization"},"potentialAction":[{"@type":"SearchAction","target":{"@type":"EntryPoint","urlTemplate":"https:\/\/echansonneriedespapes.com\/?s={search_term_string}"},"query-input":{"@type":"PropertyValueSpecification","valueRequired":true,"valueName":"search_term_string"}}],"inLanguage":"fr-FR"},{"@type":"Organization","@id":"https:\/\/echansonneriedespapes.com\/#organization","name":"\u00c9chansonnerie des Papes","url":"https:\/\/echansonneriedespapes.com\/","logo":{"@type":"ImageObject","inLanguage":"fr-FR","@id":"https:\/\/echansonneriedespapes.com\/#\/schema\/logo\/image\/","url":"https:\/\/echansonneriedespapes.com\/wp-content\/uploads\/2018\/08\/cropped-logo-echansonnerie-sans-fond-4.png","contentUrl":"https:\/\/echansonneriedespapes.com\/wp-content\/uploads\/2018\/08\/cropped-logo-echansonnerie-sans-fond-4.png","width":508,"height":608,"caption":"\u00c9chansonnerie des Papes"},"image":{"@id":"https:\/\/echansonneriedespapes.com\/#\/schema\/logo\/image\/"}}]}},"jetpack_sharing_enabled":true,"_links":{"self":[{"href":"https:\/\/echansonneriedespapes.com\/index.php\/wp-json\/wp\/v2\/pages\/356"}],"collection":[{"href":"https:\/\/echansonneriedespapes.com\/index.php\/wp-json\/wp\/v2\/pages"}],"about":[{"href":"https:\/\/echansonneriedespapes.com\/index.php\/wp-json\/wp\/v2\/types\/page"}],"author":[{"embeddable":true,"href":"https:\/\/echansonneriedespapes.com\/index.php\/wp-json\/wp\/v2\/users\/1"}],"replies":[{"embeddable":true,"href":"https:\/\/echansonneriedespapes.com\/index.php\/wp-json\/wp\/v2\/comments?post=356"}],"version-history":[{"count":2,"href":"https:\/\/echansonneriedespapes.com\/index.php\/wp-json\/wp\/v2\/pages\/356\/revisions"}],"predecessor-version":[{"id":598,"href":"https:\/\/echansonneriedespapes.com\/index.php\/wp-json\/wp\/v2\/pages\/356\/revisions\/598"}],"wp:attachment":[{"href":"https:\/\/echansonneriedespapes.com\/index.php\/wp-json\/wp\/v2\/media?parent=356"}],"curies":[{"name":"wp","href":"https:\/\/api.w.org\/{rel}","templated":true}]}}